{"id":3165,"date":"2024-04-02T10:05:52","date_gmt":"2024-04-02T10:05:52","guid":{"rendered":"https:\/\/kelebeklervadisi.com.tr\/fr\/?page_id=3165"},"modified":"2024-04-18T13:34:32","modified_gmt":"2024-04-18T13:34:32","slug":"balik-evi","status":"publish","type":"page","link":"https:\/\/kelebeklervadisi.com.tr\/fr\/balik-evi\/","title":{"rendered":"Bal\u0131k Evi"},"content":{"rendered":"\t\t<div data-elementor-type=\"wp-page\" data-elementor-id=\"3165\" class=\"elementor elementor-3165\">\n\t\t\t\t\t\t<section class=\"elementor-section elementor-top-section elementor-element elementor-element-801451a elementor-section-height-min-height cs-section-content-fullwidth cs-parallax-on-scroll cs_scroll_y_80 elementor-section-boxed elementor-section-height-default elementor-section-items-middle\" data-id=\"801451a\" data-element_type=\"section\" data-settings=\"{&quot;background_background&quot;:&quot;classic&quot;}\" data-cs-parallax-y=\"80\" style=\"background-image: none;\" data-cs-background-image=\"https:\/\/kelebeklervadisi.com.tr\/fr\/wp-content\/uploads\/2024\/04\/WhatsApp-Gorsel-2024-04-02-saat-12.06.07_0c1cbb91.jpg\">\n\t\t\t\t\t\t\t<div class=\"elementor-background-overlay\"><\/div>\n\t\t\t\t\t\t\t<div class=\"elementor-container elementor-column-gap-no\">\n\t\t\t\t\t<div class=\"elementor-column elementor-col-100 elementor-top-column elementor-element elementor-element-7844eab dark-color\" data-id=\"7844eab\" data-element_type=\"column\">\n\t\t\t<div class=\"elementor-widget-wrap elementor-element-populated\">\n\t\t\t\t\t\t<div class=\"elementor-element elementor-element-b753ce4 elementor-widget elementor-widget-cs_title\" data-id=\"b753ce4\" data-element_type=\"widget\" data-widget_type=\"cs_title.default\">\n\t\t\t\t<div class=\"elementor-widget-container\">\n\t\t\t\n        <div class=\"cs-title-wrap text-center\">\t            <div class=\"cs-subtitle-wrap\"><span class=\"cs-subtitle color-white\">Vall\u00e9e des Papillons<\/span><\/div>\t            <h1 class=\"cs-title\">\n\t                Maison Du Poisson\t            <\/h1>\t            <div class=\"cs-title-text\">\n\t                <h2 class=\"elementor-heading-title elementor-size-default\">Ici, au Fish House, vous ressentirez la fra\u00eecheur et la saveur de la nature dans chaque bouch\u00e9e. C&#8217;est plus qu&#8217;un simple restaurant, c&#8217;est l&#8217;ouverture vers un voyage culinaire.<\/h2>\t            <\/div>        <\/div>\t\t<\/div>\n\t\t\t\t<\/div>\n\t\t\t\t\t<\/div>\n\t\t<\/div>\n\t\t\t\t\t<\/div>\n\t\t<\/section>\n\t\t\t\t<section class=\"elementor-section elementor-top-section elementor-element elementor-element-794445d elementor-section-boxed elementor-section-height-default elementor-section-height-default\" data-id=\"794445d\" data-element_type=\"section\">\n\t\t\t\t\t\t<div class=\"elementor-container elementor-column-gap-no\">\n\t\t\t\t\t<div class=\"elementor-column elementor-col-66 elementor-top-column elementor-element elementor-element-559ab60\" data-id=\"559ab60\" data-element_type=\"column\">\n\t\t\t<div class=\"elementor-widget-wrap elementor-element-populated\">\n\t\t\t\t\t\t<div class=\"elementor-element elementor-element-4f7870c elementor-widget elementor-widget-cs_title\" data-id=\"4f7870c\" data-element_type=\"widget\" data-widget_type=\"cs_title.default\">\n\t\t\t\t<div class=\"elementor-widget-container\">\n\t\t\t\n        <div class=\"cs-title-wrap\">\t            <div class=\"cs-subtitle-wrap\"><span class=\"cs-subtitle\">Une exp\u00e9rience extraordinaire<\/span><\/div>\t            <h2 class=\"cs-title\">\n\t                Maison Du Poisson\t            <\/h2>\t            <div class=\"cs-title-text\">\n\t                <p data-sider-select-id=\"ba77f67c-d4be-4ae7-9baa-db63e8ef0616\">Nous vous accueillons dans un lieu o\u00f9 les papillons battent des ailes au c\u0153ur de la nature, nourrissant votre \u00e2me avec la perle de la saveur : le Restaurant Fish House, situ\u00e9 dans la Vall\u00e9e des Papillons !<\/p><p>Au Fish House, o\u00f9 vous ressentirez la fra\u00eecheur et la saveur de la nature dans chaque bouch\u00e9e, nous ouvrons les portes d&#8217;un voyage gustatif, bien plus qu&#8217;un simple restaurant. Accompagn\u00e9s de vues \u00e0 couper le souffle sur la vall\u00e9e, vous atteindrez le sommet de la saveur en d\u00e9gustant des saveurs r\u00e9gionales. Nos menus sp\u00e9ciaux pr\u00e9par\u00e9s avec des fruits de mer frais sauront ravir votre palais et vous inviter \u00e0 un festin gastronomique.<\/p><p>Le Restaurant Fish House est non seulement un lieu pour savourer un repas, mais aussi un choix parfait pour ceux qui souhaitent vivre une exp\u00e9rience en harmonie avec la nature. En vous installant sur la terrasse de notre restaurant, vous pourrez observer la vie naturelle de la vall\u00e9e et passer des moments agr\u00e9ables avec vos proches dans une atmosph\u00e8re paisible.<\/p><p>Le Restaurant Fish House, l&#8217;adresse de la saveur la plus sp\u00e9ciale dans la Vall\u00e9e des Papillons, est pr\u00eat \u00e0 vous accueillir pour une exp\u00e9rience culinaire exquise. Nous avons h\u00e2te de vous offrir un voyage gustatif inoubliable. R\u00e9servez d\u00e8s maintenant et laissez-vous emporter par la magie de la saveur !<\/p>\t            <\/div>        <\/div>\t\t<\/div>\n\t\t\t\t<\/div>\n\t\t\t\t\t<\/div>\n\t\t<\/div>\n\t\t\t\t<div class=\"elementor-column elementor-col-33 elementor-top-column elementor-element elementor-element-a72484e\" data-id=\"a72484e\" data-element_type=\"column\">\n\t\t\t<div class=\"elementor-widget-wrap elementor-element-populated\">\n\t\t\t\t\t\t<section class=\"elementor-section elementor-inner-section elementor-element elementor-element-d4cbe84 elementor-section-boxed elementor-section-height-default elementor-section-height-default\" data-id=\"d4cbe84\" data-element_type=\"section\" data-settings=\"{&quot;background_background&quot;:&quot;classic&quot;}\">\n\t\t\t\t\t\t<div class=\"elementor-container elementor-column-gap-no\">\n\t\t\t\t\t<div class=\"elementor-column elementor-col-100 elementor-inner-column elementor-element elementor-element-4a70667\" data-id=\"4a70667\" data-element_type=\"column\">\n\t\t\t<div class=\"elementor-widget-wrap elementor-element-populated\">\n\t\t\t\t\t\t<div class=\"elementor-element elementor-element-930c3d3 elementor-position-left elementor-vertical-align-middle elementor-mobile-position-left elementor-view-default elementor-widget elementor-widget-icon-box\" data-id=\"930c3d3\" data-element_type=\"widget\" data-widget_type=\"icon-box.default\">\n\t\t\t\t<div class=\"elementor-widget-container\">\n\t\t\t<link rel=\"stylesheet\" href=\"https:\/\/kelebeklervadisi.com.tr\/fr\/wp-content\/plugins\/elementor\/assets\/css\/widget-icon-box.min.css\">\t\t<div class=\"elementor-icon-box-wrapper\">\n\t\t\t\t\t\t<div class=\"elementor-icon-box-icon\">\n\t\t\t\t<span  class=\"elementor-icon elementor-animation-\">\n\t\t\t\t<svg aria-hidden=\"true\" class=\"e-font-icon-svg e-fas-phone-alt\" viewBox=\"0 0 512 512\" xmlns=\"http:\/\/www.w3.org\/2000\/svg\"><path d=\"M497.39 361.8l-112-48a24 24 0 0 0-28 6.9l-49.6 60.6A370.66 370.66 0 0 1 130.6 204.11l60.6-49.6a23.94 23.94 0 0 0 6.9-28l-48-112A24.16 24.16 0 0 0 122.6.61l-104 24A24 24 0 0 0 0 48c0 256.5 207.9 464 464 464a24 24 0 0 0 23.4-18.6l24-104a24.29 24.29 0 0 0-14.01-27.6z\"><\/path><\/svg>\t\t\t\t<\/span>\n\t\t\t<\/div>\n\t\t\t\t\t\t<div class=\"elementor-icon-box-content\">\n\t\t\t\t<div class=\"elementor-icon-box-title\">\n\t\t\t\t\t<span  >\n\t\t\t\t\t\tT\u00e9l\u00e9phone de r\u00e9servation\t\t\t\t\t<\/span>\n\t\t\t\t<\/div>\n\t\t\t\t\t\t\t\t\t<p class=\"elementor-icon-box-description\">\n\t\t\t\t\t\t<a href=\"tel:0 530 302 19 65\">0 530 302 19 65<\/a>\t\t\t\t\t<\/p>\n\t\t\t\t\t\t\t<\/div>\n\t\t<\/div>\n\t\t\t\t<\/div>\n\t\t\t\t<\/div>\n\t\t\t\t<div class=\"elementor-element elementor-element-fc10899 elementor-align-justify elementor-widget elementor-widget-cs_button\" data-id=\"fc10899\" data-element_type=\"widget\" data-widget_type=\"cs_button.default\">\n\t\t\t\t<div class=\"elementor-widget-container\">\n\t\t\t        <a href=\"https:\/\/kelebeklervadisi.com.tr\/fr\/iletisim\/\" class=\"elementor-button-link button cs-btn-color-black\" role=\"button\">\n            <span class=\"cs-btn-text\">Communication<\/span>        <\/a>\t\t<\/div>\n\t\t\t\t<\/div>\n\t\t\t\t\t<\/div>\n\t\t<\/div>\n\t\t\t\t\t<\/div>\n\t\t<\/section>\n\t\t\t\t\t<\/div>\n\t\t<\/div>\n\t\t\t\t\t<\/div>\n\t\t<\/section>\n\t\t\t\t<section class=\"elementor-section elementor-top-section elementor-element elementor-element-632e1fe elementor-section-boxed elementor-section-height-default elementor-section-height-default\" data-id=\"632e1fe\" data-element_type=\"section\">\n\t\t\t\t\t\t<div class=\"elementor-container elementor-column-gap-no\">\n\t\t\t\t\t<div class=\"elementor-column elementor-col-100 elementor-top-column elementor-element elementor-element-b85a064\" data-id=\"b85a064\" data-element_type=\"column\">\n\t\t\t<div class=\"elementor-widget-wrap elementor-element-populated\">\n\t\t\t\t\t\t<div class=\"elementor-element elementor-element-8117ef3 elementor-widget elementor-widget-cs_gallery\" data-id=\"8117ef3\" data-element_type=\"widget\" data-widget_type=\"cs_gallery.default\">\n\t\t\t\t<div class=\"elementor-widget-container\">\n\t\t\t\n            <div class=\"cs-gallery gap-5 gallery-grid grid-col-3\">\n                <div class=\"cs-gallery-wrap\">                    <div class=\"cs-gallery-item\"><img fetchpriority=\"high\" decoding=\"async\" width=\"2048\" height=\"1152\" src=\"https:\/\/kelebeklervadisi.com.tr\/fr\/wp-content\/uploads\/2024\/04\/WhatsApp-Gorsel-2024-04-02-saat-12.06.14_9f44c4d9.jpg\" class=\"attachment-full size-full wp-image-3170\" alt=\"\" srcset=\"https:\/\/kelebeklervadisi.com.tr\/fr\/wp-content\/uploads\/2024\/04\/WhatsApp-Gorsel-2024-04-02-saat-12.06.14_9f44c4d9.jpg 2048w, https:\/\/kelebeklervadisi.com.tr\/fr\/wp-content\/uploads\/2024\/04\/WhatsApp-Gorsel-2024-04-02-saat-12.06.14_9f44c4d9-300x169.jpg 300w, https:\/\/kelebeklervadisi.com.tr\/fr\/wp-content\/uploads\/2024\/04\/WhatsApp-Gorsel-2024-04-02-saat-12.06.14_9f44c4d9-1024x576.jpg 1024w, https:\/\/kelebeklervadisi.com.tr\/fr\/wp-content\/uploads\/2024\/04\/WhatsApp-Gorsel-2024-04-02-saat-12.06.14_9f44c4d9-768x432.jpg 768w, https:\/\/kelebeklervadisi.com.tr\/fr\/wp-content\/uploads\/2024\/04\/WhatsApp-Gorsel-2024-04-02-saat-12.06.14_9f44c4d9-1536x864.jpg 1536w, https:\/\/kelebeklervadisi.com.tr\/fr\/wp-content\/uploads\/2024\/04\/WhatsApp-Gorsel-2024-04-02-saat-12.06.14_9f44c4d9-1920x1080.jpg 1920w, https:\/\/kelebeklervadisi.com.tr\/fr\/wp-content\/uploads\/2024\/04\/WhatsApp-Gorsel-2024-04-02-saat-12.06.14_9f44c4d9-1440x810.jpg 1440w, https:\/\/kelebeklervadisi.com.tr\/fr\/wp-content\/uploads\/2024\/04\/WhatsApp-Gorsel-2024-04-02-saat-12.06.14_9f44c4d9-1200x675.jpg 1200w, https:\/\/kelebeklervadisi.com.tr\/fr\/wp-content\/uploads\/2024\/04\/WhatsApp-Gorsel-2024-04-02-saat-12.06.14_9f44c4d9-780x439.jpg 780w, https:\/\/kelebeklervadisi.com.tr\/fr\/wp-content\/uploads\/2024\/04\/WhatsApp-Gorsel-2024-04-02-saat-12.06.14_9f44c4d9-600x338.jpg 600w, https:\/\/kelebeklervadisi.com.tr\/fr\/wp-content\/uploads\/2024\/04\/WhatsApp-Gorsel-2024-04-02-saat-12.06.14_9f44c4d9-550x309.jpg 550w, https:\/\/kelebeklervadisi.com.tr\/fr\/wp-content\/uploads\/2024\/04\/WhatsApp-Gorsel-2024-04-02-saat-12.06.14_9f44c4d9-370x208.jpg 370w, https:\/\/kelebeklervadisi.com.tr\/fr\/wp-content\/uploads\/2024\/04\/WhatsApp-Gorsel-2024-04-02-saat-12.06.14_9f44c4d9-255x143.jpg 255w\" sizes=\"(max-width: 2048px) 100vw, 2048px\" \/>                    <\/div>                    <div class=\"cs-gallery-item\"><img decoding=\"async\" width=\"1600\" height=\"900\" src=\"https:\/\/kelebeklervadisi.com.tr\/fr\/wp-content\/uploads\/2024\/04\/WhatsApp-Gorsel-2024-04-02-saat-12.05.54_9dbc99d9.jpg\" class=\"attachment-full size-full wp-image-3167\" alt=\"\" srcset=\"https:\/\/kelebeklervadisi.com.tr\/fr\/wp-content\/uploads\/2024\/04\/WhatsApp-Gorsel-2024-04-02-saat-12.05.54_9dbc99d9.jpg 1600w, https:\/\/kelebeklervadisi.com.tr\/fr\/wp-content\/uploads\/2024\/04\/WhatsApp-Gorsel-2024-04-02-saat-12.05.54_9dbc99d9-300x169.jpg 300w, https:\/\/kelebeklervadisi.com.tr\/fr\/wp-content\/uploads\/2024\/04\/WhatsApp-Gorsel-2024-04-02-saat-12.05.54_9dbc99d9-1024x576.jpg 1024w, https:\/\/kelebeklervadisi.com.tr\/fr\/wp-content\/uploads\/2024\/04\/WhatsApp-Gorsel-2024-04-02-saat-12.05.54_9dbc99d9-768x432.jpg 768w, https:\/\/kelebeklervadisi.com.tr\/fr\/wp-content\/uploads\/2024\/04\/WhatsApp-Gorsel-2024-04-02-saat-12.05.54_9dbc99d9-1536x864.jpg 1536w, https:\/\/kelebeklervadisi.com.tr\/fr\/wp-content\/uploads\/2024\/04\/WhatsApp-Gorsel-2024-04-02-saat-12.05.54_9dbc99d9-1440x810.jpg 1440w, https:\/\/kelebeklervadisi.com.tr\/fr\/wp-content\/uploads\/2024\/04\/WhatsApp-Gorsel-2024-04-02-saat-12.05.54_9dbc99d9-1200x675.jpg 1200w, https:\/\/kelebeklervadisi.com.tr\/fr\/wp-content\/uploads\/2024\/04\/WhatsApp-Gorsel-2024-04-02-saat-12.05.54_9dbc99d9-780x439.jpg 780w, https:\/\/kelebeklervadisi.com.tr\/fr\/wp-content\/uploads\/2024\/04\/WhatsApp-Gorsel-2024-04-02-saat-12.05.54_9dbc99d9-600x338.jpg 600w, https:\/\/kelebeklervadisi.com.tr\/fr\/wp-content\/uploads\/2024\/04\/WhatsApp-Gorsel-2024-04-02-saat-12.05.54_9dbc99d9-550x309.jpg 550w, https:\/\/kelebeklervadisi.com.tr\/fr\/wp-content\/uploads\/2024\/04\/WhatsApp-Gorsel-2024-04-02-saat-12.05.54_9dbc99d9-370x208.jpg 370w, https:\/\/kelebeklervadisi.com.tr\/fr\/wp-content\/uploads\/2024\/04\/WhatsApp-Gorsel-2024-04-02-saat-12.05.54_9dbc99d9-255x143.jpg 255w\" sizes=\"(max-width: 1600px) 100vw, 1600px\" \/>                    <\/div>                    <div class=\"cs-gallery-item\"><img decoding=\"async\" width=\"2048\" height=\"1152\" src=\"https:\/\/kelebeklervadisi.com.tr\/fr\/wp-content\/uploads\/2024\/04\/WhatsApp-Gorsel-2024-04-02-saat-12.06.07_0c1cbb91-1.jpg\" class=\"attachment-full size-full wp-image-3172\" alt=\"\" srcset=\"https:\/\/kelebeklervadisi.com.tr\/fr\/wp-content\/uploads\/2024\/04\/WhatsApp-Gorsel-2024-04-02-saat-12.06.07_0c1cbb91-1.jpg 2048w, https:\/\/kelebeklervadisi.com.tr\/fr\/wp-content\/uploads\/2024\/04\/WhatsApp-Gorsel-2024-04-02-saat-12.06.07_0c1cbb91-1-300x169.jpg 300w, https:\/\/kelebeklervadisi.com.tr\/fr\/wp-content\/uploads\/2024\/04\/WhatsApp-Gorsel-2024-04-02-saat-12.06.07_0c1cbb91-1-1024x576.jpg 1024w, https:\/\/kelebeklervadisi.com.tr\/fr\/wp-content\/uploads\/2024\/04\/WhatsApp-Gorsel-2024-04-02-saat-12.06.07_0c1cbb91-1-768x432.jpg 768w, https:\/\/kelebeklervadisi.com.tr\/fr\/wp-content\/uploads\/2024\/04\/WhatsApp-Gorsel-2024-04-02-saat-12.06.07_0c1cbb91-1-1536x864.jpg 1536w, https:\/\/kelebeklervadisi.com.tr\/fr\/wp-content\/uploads\/2024\/04\/WhatsApp-Gorsel-2024-04-02-saat-12.06.07_0c1cbb91-1-1920x1080.jpg 1920w, https:\/\/kelebeklervadisi.com.tr\/fr\/wp-content\/uploads\/2024\/04\/WhatsApp-Gorsel-2024-04-02-saat-12.06.07_0c1cbb91-1-1440x810.jpg 1440w, https:\/\/kelebeklervadisi.com.tr\/fr\/wp-content\/uploads\/2024\/04\/WhatsApp-Gorsel-2024-04-02-saat-12.06.07_0c1cbb91-1-1200x675.jpg 1200w, https:\/\/kelebeklervadisi.com.tr\/fr\/wp-content\/uploads\/2024\/04\/WhatsApp-Gorsel-2024-04-02-saat-12.06.07_0c1cbb91-1-780x439.jpg 780w, https:\/\/kelebeklervadisi.com.tr\/fr\/wp-content\/uploads\/2024\/04\/WhatsApp-Gorsel-2024-04-02-saat-12.06.07_0c1cbb91-1-600x338.jpg 600w, https:\/\/kelebeklervadisi.com.tr\/fr\/wp-content\/uploads\/2024\/04\/WhatsApp-Gorsel-2024-04-02-saat-12.06.07_0c1cbb91-1-550x309.jpg 550w, https:\/\/kelebeklervadisi.com.tr\/fr\/wp-content\/uploads\/2024\/04\/WhatsApp-Gorsel-2024-04-02-saat-12.06.07_0c1cbb91-1-370x208.jpg 370w, https:\/\/kelebeklervadisi.com.tr\/fr\/wp-content\/uploads\/2024\/04\/WhatsApp-Gorsel-2024-04-02-saat-12.06.07_0c1cbb91-1-255x143.jpg 255w\" sizes=\"(max-width: 2048px) 100vw, 2048px\" \/>                    <\/div>                <\/div>\n            <\/div>\t\t<\/div>\n\t\t\t\t<\/div>\n\t\t\t\t\t<\/div>\n\t\t<\/div>\n\t\t\t\t\t<\/div>\n\t\t<\/section>\n\t\t\t\t<\/div>\n\t\t","protected":false},"excerpt":{"rendered":"<p>Vall\u00e9e des Papillons Maison Du Poisson Ici, au Fish House, vous ressentirez la fra\u00eecheur et la saveur de la nature dans chaque bouch\u00e9e. C&#8217;est plus qu&#8217;un simple restaurant, c&#8217;est l&#8217;ouverture vers un voyage culinaire. Une exp\u00e9rience extraordinaire Maison Du Poisson Nous vous accueillons dans un lieu o\u00f9 les papillons battent des ailes au c\u0153ur de &#8230;<\/p>\n","protected":false},"author":1,"featured_media":0,"parent":0,"menu_order":0,"comment_status":"closed","ping_status":"closed","template":"template-wide-content.php","meta":{"cozystay_single_page_hide_site_header":"","cozystay_single_page_site_header_source":"","cozystay_single_page_custom_site_header":"0","cozystay_single_page_custom_sticky_site_header":"0","cozystay_single_page_hide_page_title":"on","cozystay_single_page_header_section_size":"","cozystay_single_page_header_background_color":"","cozystay_single_page_header_background_position_x":"center","cozystay_single_page_header_background_position_y":"center","cozystay_single_page_header_background_size":"cover","cozystay_single_page_header_background_repeat":"off","cozystay_single_page_header_background_scroll":"on","cozystay_single_page_header_text_color":"","cozystay_single_page_header_show_breadcrumb":"","cozystay_single_page_site_footer_hide_main":"","cozystay_single_custom_site_footer_main_source":"","cozystay_single_custom_site_footer_main":"0","cozystay_single_page_site_footer_hide_above":"","cozystay_single_custom_site_footer_above_source":"","cozystay_single_custom_site_footer_above":"0","cozystay_single_page_site_footer_hide_instagram":"","cozystay_single_page_site_footer_hide_bottom":"","cozystay_single_custom_mobile_menu_source":"","cozystay_single_custom_mobile_menu":"0","cozystay_single_custom_mobile_menu_animation":"","cozystay_single_custom_mobile_menu_width":"","cozystay_single_custom_mobile_menu_custom_width":375,"footnotes":""},"class_list":["post-3165","page","type-page","status-publish","hentry"],"_links":{"self":[{"href":"https:\/\/kelebeklervadisi.com.tr\/fr\/wp-json\/wp\/v2\/pages\/3165","targetHints":{"allow":["GET"]}}],"collection":[{"href":"https:\/\/kelebeklervadisi.com.tr\/fr\/wp-json\/wp\/v2\/pages"}],"about":[{"href":"https:\/\/kelebeklervadisi.com.tr\/fr\/wp-json\/wp\/v2\/types\/page"}],"author":[{"embeddable":true,"href":"https:\/\/kelebeklervadisi.com.tr\/fr\/wp-json\/wp\/v2\/users\/1"}],"replies":[{"embeddable":true,"href":"https:\/\/kelebeklervadisi.com.tr\/fr\/wp-json\/wp\/v2\/comments?post=3165"}],"version-history":[{"count":19,"href":"https:\/\/kelebeklervadisi.com.tr\/fr\/wp-json\/wp\/v2\/pages\/3165\/revisions"}],"predecessor-version":[{"id":3346,"href":"https:\/\/kelebeklervadisi.com.tr\/fr\/wp-json\/wp\/v2\/pages\/3165\/revisions\/3346"}],"wp:attachment":[{"href":"https:\/\/kelebeklervadisi.com.tr\/fr\/wp-json\/wp\/v2\/media?parent=3165"}],"curies":[{"name":"wp","href":"https:\/\/api.w.org\/{rel}","templated":true}]}}