{"id":3111,"date":"2024-03-30T00:31:35","date_gmt":"2024-03-30T00:31:35","guid":{"rendered":"https:\/\/kelebeklervadisi.com.tr\/fr\/?page_id=3111"},"modified":"2024-04-18T13:30:22","modified_gmt":"2024-04-18T13:30:22","slug":"snack-bar","status":"publish","type":"page","link":"https:\/\/kelebeklervadisi.com.tr\/fr\/snack-bar\/","title":{"rendered":"Snack Bar"},"content":{"rendered":"\t\t<div data-elementor-type=\"wp-page\" data-elementor-id=\"3111\" class=\"elementor elementor-3111\">\n\t\t\t\t\t\t<section class=\"elementor-section elementor-top-section elementor-element elementor-element-801451a elementor-section-height-min-height cs-section-content-fullwidth cs-parallax-on-scroll cs_scroll_y_80 elementor-section-boxed elementor-section-height-default elementor-section-items-middle\" data-id=\"801451a\" data-element_type=\"section\" data-settings=\"{&quot;background_background&quot;:&quot;classic&quot;}\" data-cs-parallax-y=\"80\" style=\"background-image: none;\" data-cs-background-image=\"https:\/\/kelebeklervadisi.com.tr\/fr\/wp-content\/uploads\/2024\/03\/kelebekler-vadisi-ana-bar-1024x576-3.jpg\">\n\t\t\t\t\t\t\t<div class=\"elementor-background-overlay\"><\/div>\n\t\t\t\t\t\t\t<div class=\"elementor-container elementor-column-gap-no\">\n\t\t\t\t\t<div class=\"elementor-column elementor-col-100 elementor-top-column elementor-element elementor-element-7844eab dark-color\" data-id=\"7844eab\" data-element_type=\"column\">\n\t\t\t<div class=\"elementor-widget-wrap elementor-element-populated\">\n\t\t\t\t\t\t<div class=\"elementor-element elementor-element-b753ce4 elementor-widget elementor-widget-cs_title\" data-id=\"b753ce4\" data-element_type=\"widget\" data-widget_type=\"cs_title.default\">\n\t\t\t\t<div class=\"elementor-widget-container\">\n\t\t\t\n        <div class=\"cs-title-wrap text-center\">\t            <div class=\"cs-subtitle-wrap\"><span class=\"cs-subtitle color-white\">Vall\u00e9e des Papillons<\/span><\/div>\t            <h1 class=\"cs-title\">\n\t                Snack-bar\t            <\/h1>\t            <div class=\"cs-title-text\">\n\t                <h2 class=\"elementor-heading-title elementor-size-default\">Notre Snack Bar propose des jus de fruits rafra\u00eechissants pr\u00e9par\u00e9s \u00e0 partir de fruits frais toute la journ\u00e9e, ainsi que des collations saines.<\/h2>\t            <\/div>        <\/div>\t\t<\/div>\n\t\t\t\t<\/div>\n\t\t\t\t\t<\/div>\n\t\t<\/div>\n\t\t\t\t\t<\/div>\n\t\t<\/section>\n\t\t\t\t<section class=\"elementor-section elementor-top-section elementor-element elementor-element-794445d elementor-section-boxed elementor-section-height-default elementor-section-height-default\" data-id=\"794445d\" data-element_type=\"section\">\n\t\t\t\t\t\t<div class=\"elementor-container elementor-column-gap-no\">\n\t\t\t\t\t<div class=\"elementor-column elementor-col-66 elementor-top-column elementor-element elementor-element-559ab60\" data-id=\"559ab60\" data-element_type=\"column\">\n\t\t\t<div class=\"elementor-widget-wrap elementor-element-populated\">\n\t\t\t\t\t\t<div class=\"elementor-element elementor-element-4f7870c elementor-widget elementor-widget-cs_title\" data-id=\"4f7870c\" data-element_type=\"widget\" data-widget_type=\"cs_title.default\">\n\t\t\t\t<div class=\"elementor-widget-container\">\n\t\t\t\n        <div class=\"cs-title-wrap\">\t            <div class=\"cs-subtitle-wrap\"><span class=\"cs-subtitle\">Une exp\u00e9rience extraordinaire<\/span><\/div>\t            <h2 class=\"cs-title\">\n\t                Snack-bar\t            <\/h2>\t            <div class=\"cs-title-text\">\n\t                <p data-sider-select-id=\"1cf44aa9-8eb1-44a1-93ab-1e4be068f14e\">Notre Snack Bar propose des jus de fruits rafra\u00eechissants pr\u00e9par\u00e9s \u00e0 partir de fruits frais toute la journ\u00e9e, ainsi que des collations saines. Nos jus de fruits pr\u00e9servent la saveur naturelle et les vitamines des fruits frais pour vous donner de l&#8217;\u00e9nergie et offrir une pause rafra\u00eechissante. Pr\u00e9par\u00e9s avec une s\u00e9lection de fruits de qualit\u00e9, ces d\u00e9licieuses boissons offrent une exp\u00e9rience de boisson saine et agr\u00e9able.<\/p><p>De plus, vous trouverez dans notre snack-bar une vari\u00e9t\u00e9 de d\u00e9licieuses collations. Nos collations fra\u00eeches, saines et l\u00e9g\u00e8res peuvent satisfaire votre faim et vous fournir de l&#8217;\u00e9nergie toute la journ\u00e9e. De c\u00e9r\u00e9ales pour le petit-d\u00e9jeuner aux sandwiches, des granolas sains aux d\u00e9licieux g\u00e2teaux, nous proposons une large gamme de collations adapt\u00e9es \u00e0 tous les go\u00fbts.<\/p><p>Nous proposons \u00e9galement un large choix de boissons chaudes et froides. Vous pouvez vous r\u00e9chauffer avec des boissons chaudes comme le caf\u00e9, le th\u00e9, le chocolat chaud, ou vous rafra\u00eechir avec des boissons froides rafra\u00eechissantes. Que ce soit avec de la cr\u00e8me glac\u00e9e par une chaude journ\u00e9e d&#8217;\u00e9t\u00e9 ou du chocolat chaud par une journ\u00e9e d&#8217;hiver froide, nos boissons conviennent \u00e0 toutes les saisons.<\/p><p>Notre Snack Bar vous permet de satisfaire vos besoins en collations et en boissons de mani\u00e8re rapide et pratique, tout en vous offrant une pause agr\u00e9able. Notre personnel accueillant est heureux de vous accueillir dans une ambiance d\u00e9tendue, que ce soit pour vous d\u00e9tendre ou vous retrouver entre amis, avec nos d\u00e9licieuses sp\u00e9cialit\u00e9s.<\/p>\t            <\/div>        <\/div>\t\t<\/div>\n\t\t\t\t<\/div>\n\t\t\t\t\t<\/div>\n\t\t<\/div>\n\t\t\t\t<div class=\"elementor-column elementor-col-33 elementor-top-column elementor-element elementor-element-a72484e\" data-id=\"a72484e\" data-element_type=\"column\">\n\t\t\t<div class=\"elementor-widget-wrap elementor-element-populated\">\n\t\t\t\t\t\t<section class=\"elementor-section elementor-inner-section elementor-element elementor-element-d4cbe84 elementor-section-boxed elementor-section-height-default elementor-section-height-default\" data-id=\"d4cbe84\" data-element_type=\"section\" data-settings=\"{&quot;background_background&quot;:&quot;classic&quot;}\">\n\t\t\t\t\t\t<div class=\"elementor-container elementor-column-gap-no\">\n\t\t\t\t\t<div class=\"elementor-column elementor-col-100 elementor-inner-column elementor-element elementor-element-4a70667\" data-id=\"4a70667\" data-element_type=\"column\">\n\t\t\t<div class=\"elementor-widget-wrap elementor-element-populated\">\n\t\t\t\t\t\t<div class=\"elementor-element elementor-element-930c3d3 elementor-position-left elementor-vertical-align-middle elementor-mobile-position-left elementor-view-default elementor-widget elementor-widget-icon-box\" data-id=\"930c3d3\" data-element_type=\"widget\" data-widget_type=\"icon-box.default\">\n\t\t\t\t<div class=\"elementor-widget-container\">\n\t\t\t<link rel=\"stylesheet\" href=\"https:\/\/kelebeklervadisi.com.tr\/fr\/wp-content\/plugins\/elementor\/assets\/css\/widget-icon-box.min.css\">\t\t<div class=\"elementor-icon-box-wrapper\">\n\t\t\t\t\t\t<div class=\"elementor-icon-box-icon\">\n\t\t\t\t<span  class=\"elementor-icon elementor-animation-\">\n\t\t\t\t<svg aria-hidden=\"true\" class=\"e-font-icon-svg e-fas-phone-alt\" viewBox=\"0 0 512 512\" xmlns=\"http:\/\/www.w3.org\/2000\/svg\"><path d=\"M497.39 361.8l-112-48a24 24 0 0 0-28 6.9l-49.6 60.6A370.66 370.66 0 0 1 130.6 204.11l60.6-49.6a23.94 23.94 0 0 0 6.9-28l-48-112A24.16 24.16 0 0 0 122.6.61l-104 24A24 24 0 0 0 0 48c0 256.5 207.9 464 464 464a24 24 0 0 0 23.4-18.6l24-104a24.29 24.29 0 0 0-14.01-27.6z\"><\/path><\/svg>\t\t\t\t<\/span>\n\t\t\t<\/div>\n\t\t\t\t\t\t<div class=\"elementor-icon-box-content\">\n\t\t\t\t<div class=\"elementor-icon-box-title\">\n\t\t\t\t\t<span  >\n\t\t\t\t\t\tT\u00e9l\u00e9phone de r\u00e9servation\t\t\t\t\t<\/span>\n\t\t\t\t<\/div>\n\t\t\t\t\t\t\t\t\t<p class=\"elementor-icon-box-description\">\n\t\t\t\t\t\t<a href=\"tel:0 530 302 19 65\">0 530 302 19 65<\/a>\t\t\t\t\t<\/p>\n\t\t\t\t\t\t\t<\/div>\n\t\t<\/div>\n\t\t\t\t<\/div>\n\t\t\t\t<\/div>\n\t\t\t\t<div class=\"elementor-element elementor-element-fc10899 elementor-align-justify elementor-widget elementor-widget-cs_button\" data-id=\"fc10899\" data-element_type=\"widget\" data-widget_type=\"cs_button.default\">\n\t\t\t\t<div class=\"elementor-widget-container\">\n\t\t\t        <a href=\"https:\/\/kelebeklervadisi.com.tr\/fr\/iletisim\/\" class=\"elementor-button-link button cs-btn-color-black\" role=\"button\">\n            <span class=\"cs-btn-text\">Communication<\/span>        <\/a>\t\t<\/div>\n\t\t\t\t<\/div>\n\t\t\t\t\t<\/div>\n\t\t<\/div>\n\t\t\t\t\t<\/div>\n\t\t<\/section>\n\t\t\t\t\t<\/div>\n\t\t<\/div>\n\t\t\t\t\t<\/div>\n\t\t<\/section>\n\t\t\t\t<section class=\"elementor-section elementor-top-section elementor-element elementor-element-632e1fe elementor-hidden-desktop elementor-hidden-tablet elementor-hidden-mobile elementor-section-boxed elementor-section-height-default elementor-section-height-default\" data-id=\"632e1fe\" data-element_type=\"section\">\n\t\t\t\t\t\t<div class=\"elementor-container elementor-column-gap-no\">\n\t\t\t\t\t<div class=\"elementor-column elementor-col-100 elementor-top-column elementor-element elementor-element-b85a064\" data-id=\"b85a064\" data-element_type=\"column\">\n\t\t\t<div class=\"elementor-widget-wrap elementor-element-populated\">\n\t\t\t\t\t\t<div class=\"elementor-element elementor-element-8117ef3 elementor-widget elementor-widget-cs_gallery\" data-id=\"8117ef3\" data-element_type=\"widget\" data-widget_type=\"cs_gallery.default\">\n\t\t\t\t<div class=\"elementor-widget-container\">\n\t\t\t\n            <div class=\"cs-gallery gap-5 gallery-grid grid-col-3\">\n                <div class=\"cs-gallery-wrap\">                    <div class=\"cs-gallery-item\"><img fetchpriority=\"high\" decoding=\"async\" width=\"1080\" height=\"1080\" src=\"https:\/\/kelebeklervadisi.com.tr\/fr\/wp-content\/uploads\/2024\/03\/289309326_5404064422947755_7946627038999978222_n.jpg\" class=\"attachment-full size-full wp-image-2986\" alt=\"\" srcset=\"https:\/\/kelebeklervadisi.com.tr\/fr\/wp-content\/uploads\/2024\/03\/289309326_5404064422947755_7946627038999978222_n.jpg 1080w, https:\/\/kelebeklervadisi.com.tr\/fr\/wp-content\/uploads\/2024\/03\/289309326_5404064422947755_7946627038999978222_n-300x300.jpg 300w, https:\/\/kelebeklervadisi.com.tr\/fr\/wp-content\/uploads\/2024\/03\/289309326_5404064422947755_7946627038999978222_n-1024x1024.jpg 1024w, https:\/\/kelebeklervadisi.com.tr\/fr\/wp-content\/uploads\/2024\/03\/289309326_5404064422947755_7946627038999978222_n-150x150.jpg 150w, https:\/\/kelebeklervadisi.com.tr\/fr\/wp-content\/uploads\/2024\/03\/289309326_5404064422947755_7946627038999978222_n-768x768.jpg 768w, https:\/\/kelebeklervadisi.com.tr\/fr\/wp-content\/uploads\/2024\/03\/289309326_5404064422947755_7946627038999978222_n-780x780.jpg 780w, https:\/\/kelebeklervadisi.com.tr\/fr\/wp-content\/uploads\/2024\/03\/289309326_5404064422947755_7946627038999978222_n-600x600.jpg 600w, https:\/\/kelebeklervadisi.com.tr\/fr\/wp-content\/uploads\/2024\/03\/289309326_5404064422947755_7946627038999978222_n-550x550.jpg 550w, https:\/\/kelebeklervadisi.com.tr\/fr\/wp-content\/uploads\/2024\/03\/289309326_5404064422947755_7946627038999978222_n-370x370.jpg 370w, https:\/\/kelebeklervadisi.com.tr\/fr\/wp-content\/uploads\/2024\/03\/289309326_5404064422947755_7946627038999978222_n-255x255.jpg 255w\" sizes=\"(max-width: 1080px) 100vw, 1080px\" \/>                    <\/div>                    <div class=\"cs-gallery-item\"><img decoding=\"async\" width=\"1080\" height=\"1080\" src=\"https:\/\/kelebeklervadisi.com.tr\/fr\/wp-content\/uploads\/2024\/03\/289309326_5404064426281088_6301162924691503627_n.jpg\" class=\"attachment-full size-full wp-image-2988\" alt=\"\" srcset=\"https:\/\/kelebeklervadisi.com.tr\/fr\/wp-content\/uploads\/2024\/03\/289309326_5404064426281088_6301162924691503627_n.jpg 1080w, https:\/\/kelebeklervadisi.com.tr\/fr\/wp-content\/uploads\/2024\/03\/289309326_5404064426281088_6301162924691503627_n-300x300.jpg 300w, https:\/\/kelebeklervadisi.com.tr\/fr\/wp-content\/uploads\/2024\/03\/289309326_5404064426281088_6301162924691503627_n-1024x1024.jpg 1024w, https:\/\/kelebeklervadisi.com.tr\/fr\/wp-content\/uploads\/2024\/03\/289309326_5404064426281088_6301162924691503627_n-150x150.jpg 150w, https:\/\/kelebeklervadisi.com.tr\/fr\/wp-content\/uploads\/2024\/03\/289309326_5404064426281088_6301162924691503627_n-768x768.jpg 768w, https:\/\/kelebeklervadisi.com.tr\/fr\/wp-content\/uploads\/2024\/03\/289309326_5404064426281088_6301162924691503627_n-780x780.jpg 780w, https:\/\/kelebeklervadisi.com.tr\/fr\/wp-content\/uploads\/2024\/03\/289309326_5404064426281088_6301162924691503627_n-600x600.jpg 600w, https:\/\/kelebeklervadisi.com.tr\/fr\/wp-content\/uploads\/2024\/03\/289309326_5404064426281088_6301162924691503627_n-550x550.jpg 550w, https:\/\/kelebeklervadisi.com.tr\/fr\/wp-content\/uploads\/2024\/03\/289309326_5404064426281088_6301162924691503627_n-370x370.jpg 370w, https:\/\/kelebeklervadisi.com.tr\/fr\/wp-content\/uploads\/2024\/03\/289309326_5404064426281088_6301162924691503627_n-255x255.jpg 255w\" sizes=\"(max-width: 1080px) 100vw, 1080px\" \/>                    <\/div>                    <div class=\"cs-gallery-item\"><img decoding=\"async\" width=\"1080\" height=\"1080\" src=\"https:\/\/kelebeklervadisi.com.tr\/fr\/wp-content\/uploads\/2024\/03\/289496158_5404064429614421_7145217225947354619_n.jpg\" class=\"attachment-full size-full wp-image-2989\" alt=\"\" srcset=\"https:\/\/kelebeklervadisi.com.tr\/fr\/wp-content\/uploads\/2024\/03\/289496158_5404064429614421_7145217225947354619_n.jpg 1080w, https:\/\/kelebeklervadisi.com.tr\/fr\/wp-content\/uploads\/2024\/03\/289496158_5404064429614421_7145217225947354619_n-300x300.jpg 300w, https:\/\/kelebeklervadisi.com.tr\/fr\/wp-content\/uploads\/2024\/03\/289496158_5404064429614421_7145217225947354619_n-1024x1024.jpg 1024w, https:\/\/kelebeklervadisi.com.tr\/fr\/wp-content\/uploads\/2024\/03\/289496158_5404064429614421_7145217225947354619_n-150x150.jpg 150w, https:\/\/kelebeklervadisi.com.tr\/fr\/wp-content\/uploads\/2024\/03\/289496158_5404064429614421_7145217225947354619_n-768x768.jpg 768w, https:\/\/kelebeklervadisi.com.tr\/fr\/wp-content\/uploads\/2024\/03\/289496158_5404064429614421_7145217225947354619_n-780x780.jpg 780w, https:\/\/kelebeklervadisi.com.tr\/fr\/wp-content\/uploads\/2024\/03\/289496158_5404064429614421_7145217225947354619_n-600x600.jpg 600w, https:\/\/kelebeklervadisi.com.tr\/fr\/wp-content\/uploads\/2024\/03\/289496158_5404064429614421_7145217225947354619_n-550x550.jpg 550w, https:\/\/kelebeklervadisi.com.tr\/fr\/wp-content\/uploads\/2024\/03\/289496158_5404064429614421_7145217225947354619_n-370x370.jpg 370w, https:\/\/kelebeklervadisi.com.tr\/fr\/wp-content\/uploads\/2024\/03\/289496158_5404064429614421_7145217225947354619_n-255x255.jpg 255w\" sizes=\"(max-width: 1080px) 100vw, 1080px\" \/>                    <\/div>                <\/div>\n            <\/div>\t\t<\/div>\n\t\t\t\t<\/div>\n\t\t\t\t\t<\/div>\n\t\t<\/div>\n\t\t\t\t\t<\/div>\n\t\t<\/section>\n\t\t\t\t<\/div>\n\t\t","protected":false},"excerpt":{"rendered":"<p>Vall\u00e9e des Papillons Snack-bar Notre Snack Bar propose des jus de fruits rafra\u00eechissants pr\u00e9par\u00e9s \u00e0 partir de fruits frais toute la journ\u00e9e, ainsi que des collations saines. Une exp\u00e9rience extraordinaire Snack-bar Notre Snack Bar propose des jus de fruits rafra\u00eechissants pr\u00e9par\u00e9s \u00e0 partir de fruits frais toute la journ\u00e9e, ainsi que des collations saines. Nos &#8230;<\/p>\n","protected":false},"author":1,"featured_media":0,"parent":0,"menu_order":0,"comment_status":"closed","ping_status":"closed","template":"template-wide-content.php","meta":{"cozystay_single_page_hide_site_header":"","cozystay_single_page_site_header_source":"","cozystay_single_page_custom_site_header":"0","cozystay_single_page_custom_sticky_site_header":"0","cozystay_single_page_hide_page_title":"on","cozystay_single_page_header_section_size":"","cozystay_single_page_header_background_color":"","cozystay_single_page_header_background_position_x":"center","cozystay_single_page_header_background_position_y":"center","cozystay_single_page_header_background_size":"cover","cozystay_single_page_header_background_repeat":"off","cozystay_single_page_header_background_scroll":"on","cozystay_single_page_header_text_color":"","cozystay_single_page_header_show_breadcrumb":"","cozystay_single_page_site_footer_hide_main":"","cozystay_single_custom_site_footer_main_source":"","cozystay_single_custom_site_footer_main":"0","cozystay_single_page_site_footer_hide_above":"","cozystay_single_custom_site_footer_above_source":"","cozystay_single_custom_site_footer_above":"0","cozystay_single_page_site_footer_hide_instagram":"","cozystay_single_page_site_footer_hide_bottom":"","cozystay_single_custom_mobile_menu_source":"","cozystay_single_custom_mobile_menu":"0","cozystay_single_custom_mobile_menu_animation":"","cozystay_single_custom_mobile_menu_width":"","cozystay_single_custom_mobile_menu_custom_width":375,"footnotes":""},"class_list":["post-3111","page","type-page","status-publish","hentry"],"_links":{"self":[{"href":"https:\/\/kelebeklervadisi.com.tr\/fr\/wp-json\/wp\/v2\/pages\/3111","targetHints":{"allow":["GET"]}}],"collection":[{"href":"https:\/\/kelebeklervadisi.com.tr\/fr\/wp-json\/wp\/v2\/pages"}],"about":[{"href":"https:\/\/kelebeklervadisi.com.tr\/fr\/wp-json\/wp\/v2\/types\/page"}],"author":[{"embeddable":true,"href":"https:\/\/kelebeklervadisi.com.tr\/fr\/wp-json\/wp\/v2\/users\/1"}],"replies":[{"embeddable":true,"href":"https:\/\/kelebeklervadisi.com.tr\/fr\/wp-json\/wp\/v2\/comments?post=3111"}],"version-history":[{"count":22,"href":"https:\/\/kelebeklervadisi.com.tr\/fr\/wp-json\/wp\/v2\/pages\/3111\/revisions"}],"predecessor-version":[{"id":3334,"href":"https:\/\/kelebeklervadisi.com.tr\/fr\/wp-json\/wp\/v2\/pages\/3111\/revisions\/3334"}],"wp:attachment":[{"href":"https:\/\/kelebeklervadisi.com.tr\/fr\/wp-json\/wp\/v2\/media?parent=3111"}],"curies":[{"name":"wp","href":"https:\/\/api.w.org\/{rel}","templated":true}]}}