{"id":3010,"date":"2024-03-28T21:43:11","date_gmt":"2024-03-28T21:43:11","guid":{"rendered":"https:\/\/kelebeklervadisi.com.tr\/fr\/?page_id=3010"},"modified":"2024-04-18T14:31:28","modified_gmt":"2024-04-18T14:31:28","slug":"dagcilik-egitimleri","status":"publish","type":"page","link":"https:\/\/kelebeklervadisi.com.tr\/fr\/dagcilik-egitimleri\/","title":{"rendered":"Da\u011fc\u0131l\u0131k E\u011fitimleri"},"content":{"rendered":"\t\t<div data-elementor-type=\"wp-page\" data-elementor-id=\"3010\" class=\"elementor elementor-3010\">\n\t\t\t\t\t\t<section class=\"elementor-section elementor-top-section elementor-element elementor-element-801451a elementor-section-height-min-height cs-section-content-fullwidth cs-parallax-on-scroll cs_scroll_y_80 elementor-section-boxed elementor-section-height-default elementor-section-items-middle\" data-id=\"801451a\" data-element_type=\"section\" data-settings=\"{&quot;background_background&quot;:&quot;classic&quot;}\" data-cs-parallax-y=\"80\" style=\"background-image: none;\" data-cs-background-image=\"https:\/\/kelebeklervadisi.com.tr\/fr\/wp-content\/uploads\/2024\/03\/WhatsApp-Gorsel-2024-03-21-saat-20.24.30_fc6fe358.jpg\">\n\t\t\t\t\t\t\t<div class=\"elementor-background-overlay\"><\/div>\n\t\t\t\t\t\t\t<div class=\"elementor-container elementor-column-gap-no\">\n\t\t\t\t\t<div class=\"elementor-column elementor-col-100 elementor-top-column elementor-element elementor-element-7844eab dark-color\" data-id=\"7844eab\" data-element_type=\"column\">\n\t\t\t<div class=\"elementor-widget-wrap elementor-element-populated\">\n\t\t\t\t\t\t<div class=\"elementor-element elementor-element-b753ce4 elementor-widget elementor-widget-cs_title\" data-id=\"b753ce4\" data-element_type=\"widget\" data-widget_type=\"cs_title.default\">\n\t\t\t\t<div class=\"elementor-widget-container\">\n\t\t\t\n        <div class=\"cs-title-wrap text-center\">\t            <div class=\"cs-subtitle-wrap\"><span class=\"cs-subtitle color-white\">Vall\u00e9e des Papillons<\/span><\/div>\t            <h1 class=\"cs-title\">\n\t                Formations D'alpinisme\t            <\/h1>\t            <div class=\"cs-title-text\">\n\t                <h2 class=\"elementor-heading-title elementor-size-default\">R\u00eavez-vous d&#8217;atteindre le sommet ? Explorez les majestueuses beaut\u00e9s de la nature avec la formation \u00e0 l&#8217;escalade dans la Vall\u00e9e des Papillons !<\/h2>\t            <\/div>        <\/div>\t\t<\/div>\n\t\t\t\t<\/div>\n\t\t\t\t\t<\/div>\n\t\t<\/div>\n\t\t\t\t\t<\/div>\n\t\t<\/section>\n\t\t\t\t<section class=\"elementor-section elementor-top-section elementor-element elementor-element-794445d elementor-section-boxed elementor-section-height-default elementor-section-height-default\" data-id=\"794445d\" data-element_type=\"section\">\n\t\t\t\t\t\t<div class=\"elementor-container elementor-column-gap-no\">\n\t\t\t\t\t<div class=\"elementor-column elementor-col-66 elementor-top-column elementor-element elementor-element-559ab60\" data-id=\"559ab60\" data-element_type=\"column\">\n\t\t\t<div class=\"elementor-widget-wrap elementor-element-populated\">\n\t\t\t\t\t\t<div class=\"elementor-element elementor-element-4f7870c elementor-widget elementor-widget-cs_title\" data-id=\"4f7870c\" data-element_type=\"widget\" data-widget_type=\"cs_title.default\">\n\t\t\t\t<div class=\"elementor-widget-container\">\n\t\t\t\n        <div class=\"cs-title-wrap\">\t            <div class=\"cs-subtitle-wrap\"><span class=\"cs-subtitle\">Une exp\u00e9rience hors du commun<\/span><\/div>\t            <h2 class=\"cs-title\">\n\t                Formations D'alpinisme\t            <\/h2>\t            <div class=\"cs-title-text\">\n\t                <p>&#8220;Prenez pied sur le sommet de vos r\u00eaves ! D\u00e9couvrez les majestueuses beaut\u00e9s de la nature avec la formation \u00e0 l&#8217;escalade dans la Vall\u00e9e des Papillons. Accompagn\u00e9s de guides de montagne professionnels, apprenez les techniques d&#8217;escalade et lancez-vous dans un voyage excitant vers les sommets des montagnes. Explorez les magnifiques paysages de la nature en grimpant sur des pentes rocheuses, \u00e0 travers des for\u00eats mystiques et le long de cascades rafra\u00eechissantes. Avec des programmes adapt\u00e9s \u00e0 tous les amateurs d&#8217;aventure, apprenez les subtilit\u00e9s de l&#8217;escalade en toute s\u00e9curit\u00e9. Laissez-vous emporter par les bras de la nature et d\u00e9couvrez la formation \u00e0 l&#8217;escalade dans la Vall\u00e9e des Papillons pour vivre une aventure inoubliable !&#8221;<\/p>\t            <\/div>        <\/div>\t\t<\/div>\n\t\t\t\t<\/div>\n\t\t\t\t\t<\/div>\n\t\t<\/div>\n\t\t\t\t<div class=\"elementor-column elementor-col-33 elementor-top-column elementor-element elementor-element-a72484e\" data-id=\"a72484e\" data-element_type=\"column\">\n\t\t\t<div class=\"elementor-widget-wrap elementor-element-populated\">\n\t\t\t\t\t\t<section class=\"elementor-section elementor-inner-section elementor-element elementor-element-d4cbe84 elementor-section-boxed elementor-section-height-default elementor-section-height-default\" data-id=\"d4cbe84\" data-element_type=\"section\" data-settings=\"{&quot;background_background&quot;:&quot;classic&quot;}\">\n\t\t\t\t\t\t<div class=\"elementor-container elementor-column-gap-no\">\n\t\t\t\t\t<div class=\"elementor-column elementor-col-100 elementor-inner-column elementor-element elementor-element-4a70667\" data-id=\"4a70667\" data-element_type=\"column\">\n\t\t\t<div class=\"elementor-widget-wrap elementor-element-populated\">\n\t\t\t\t\t\t<div class=\"elementor-element elementor-element-930c3d3 elementor-position-left elementor-vertical-align-middle elementor-mobile-position-left elementor-view-default elementor-widget elementor-widget-icon-box\" data-id=\"930c3d3\" data-element_type=\"widget\" data-widget_type=\"icon-box.default\">\n\t\t\t\t<div class=\"elementor-widget-container\">\n\t\t\t<link rel=\"stylesheet\" href=\"https:\/\/kelebeklervadisi.com.tr\/fr\/wp-content\/plugins\/elementor\/assets\/css\/widget-icon-box.min.css\">\t\t<div class=\"elementor-icon-box-wrapper\">\n\t\t\t\t\t\t<div class=\"elementor-icon-box-icon\">\n\t\t\t\t<span  class=\"elementor-icon elementor-animation-\">\n\t\t\t\t<svg aria-hidden=\"true\" class=\"e-font-icon-svg e-fas-phone-alt\" viewBox=\"0 0 512 512\" xmlns=\"http:\/\/www.w3.org\/2000\/svg\"><path d=\"M497.39 361.8l-112-48a24 24 0 0 0-28 6.9l-49.6 60.6A370.66 370.66 0 0 1 130.6 204.11l60.6-49.6a23.94 23.94 0 0 0 6.9-28l-48-112A24.16 24.16 0 0 0 122.6.61l-104 24A24 24 0 0 0 0 48c0 256.5 207.9 464 464 464a24 24 0 0 0 23.4-18.6l24-104a24.29 24.29 0 0 0-14.01-27.6z\"><\/path><\/svg>\t\t\t\t<\/span>\n\t\t\t<\/div>\n\t\t\t\t\t\t<div class=\"elementor-icon-box-content\">\n\t\t\t\t<div class=\"elementor-icon-box-title\">\n\t\t\t\t\t<span  >\n\t\t\t\t\t\tT\u00e9l\u00e9phone de r\u00e9servation\t\t\t\t\t<\/span>\n\t\t\t\t<\/div>\n\t\t\t\t\t\t\t\t\t<p class=\"elementor-icon-box-description\">\n\t\t\t\t\t\t<a href=\"tel:0 530 302 19 65\">0 530 302 19 65<\/a>\t\t\t\t\t<\/p>\n\t\t\t\t\t\t\t<\/div>\n\t\t<\/div>\n\t\t\t\t<\/div>\n\t\t\t\t<\/div>\n\t\t\t\t<div class=\"elementor-element elementor-element-fc10899 elementor-align-justify elementor-widget elementor-widget-cs_button\" data-id=\"fc10899\" data-element_type=\"widget\" data-widget_type=\"cs_button.default\">\n\t\t\t\t<div class=\"elementor-widget-container\">\n\t\t\t        <a href=\"https:\/\/kelebeklervadisi.com.tr\/fr\/iletisim\/\" class=\"elementor-button-link button cs-btn-color-black\" role=\"button\">\n            <span class=\"cs-btn-text\">Communication<\/span>        <\/a>\t\t<\/div>\n\t\t\t\t<\/div>\n\t\t\t\t\t<\/div>\n\t\t<\/div>\n\t\t\t\t\t<\/div>\n\t\t<\/section>\n\t\t\t\t\t<\/div>\n\t\t<\/div>\n\t\t\t\t\t<\/div>\n\t\t<\/section>\n\t\t\t\t<section class=\"elementor-section elementor-top-section elementor-element elementor-element-632e1fe elementor-section-boxed elementor-section-height-default elementor-section-height-default\" data-id=\"632e1fe\" data-element_type=\"section\">\n\t\t\t\t\t\t<div class=\"elementor-container elementor-column-gap-no\">\n\t\t\t\t\t<div class=\"elementor-column elementor-col-100 elementor-top-column elementor-element elementor-element-b85a064\" data-id=\"b85a064\" data-element_type=\"column\">\n\t\t\t<div class=\"elementor-widget-wrap elementor-element-populated\">\n\t\t\t\t\t\t<div class=\"elementor-element elementor-element-8117ef3 elementor-widget elementor-widget-cs_gallery\" data-id=\"8117ef3\" data-element_type=\"widget\" data-widget_type=\"cs_gallery.default\">\n\t\t\t\t<div class=\"elementor-widget-container\">\n\t\t\t\n            <div class=\"cs-gallery gap-5 gallery-grid grid-col-3\">\n                <div class=\"cs-gallery-wrap\">                    <div class=\"cs-gallery-item\"><img fetchpriority=\"high\" decoding=\"async\" width=\"1200\" height=\"1600\" src=\"https:\/\/kelebeklervadisi.com.tr\/fr\/wp-content\/uploads\/2024\/03\/WhatsApp-Gorsel-2024-03-21-saat-20.27.41_d03c8f18.jpg\" class=\"attachment-full size-full wp-image-3015\" alt=\"\" srcset=\"https:\/\/kelebeklervadisi.com.tr\/fr\/wp-content\/uploads\/2024\/03\/WhatsApp-Gorsel-2024-03-21-saat-20.27.41_d03c8f18.jpg 1200w, https:\/\/kelebeklervadisi.com.tr\/fr\/wp-content\/uploads\/2024\/03\/WhatsApp-Gorsel-2024-03-21-saat-20.27.41_d03c8f18-225x300.jpg 225w, https:\/\/kelebeklervadisi.com.tr\/fr\/wp-content\/uploads\/2024\/03\/WhatsApp-Gorsel-2024-03-21-saat-20.27.41_d03c8f18-768x1024.jpg 768w, https:\/\/kelebeklervadisi.com.tr\/fr\/wp-content\/uploads\/2024\/03\/WhatsApp-Gorsel-2024-03-21-saat-20.27.41_d03c8f18-1152x1536.jpg 1152w, https:\/\/kelebeklervadisi.com.tr\/fr\/wp-content\/uploads\/2024\/03\/WhatsApp-Gorsel-2024-03-21-saat-20.27.41_d03c8f18-780x1040.jpg 780w, https:\/\/kelebeklervadisi.com.tr\/fr\/wp-content\/uploads\/2024\/03\/WhatsApp-Gorsel-2024-03-21-saat-20.27.41_d03c8f18-600x800.jpg 600w, https:\/\/kelebeklervadisi.com.tr\/fr\/wp-content\/uploads\/2024\/03\/WhatsApp-Gorsel-2024-03-21-saat-20.27.41_d03c8f18-550x733.jpg 550w, https:\/\/kelebeklervadisi.com.tr\/fr\/wp-content\/uploads\/2024\/03\/WhatsApp-Gorsel-2024-03-21-saat-20.27.41_d03c8f18-370x493.jpg 370w, https:\/\/kelebeklervadisi.com.tr\/fr\/wp-content\/uploads\/2024\/03\/WhatsApp-Gorsel-2024-03-21-saat-20.27.41_d03c8f18-255x340.jpg 255w, https:\/\/kelebeklervadisi.com.tr\/fr\/wp-content\/uploads\/2024\/03\/WhatsApp-Gorsel-2024-03-21-saat-20.27.41_d03c8f18-113x150.jpg 113w\" sizes=\"(max-width: 1200px) 100vw, 1200px\" \/>                    <\/div>                    <div class=\"cs-gallery-item\"><img decoding=\"async\" width=\"960\" height=\"1600\" src=\"https:\/\/kelebeklervadisi.com.tr\/fr\/wp-content\/uploads\/2024\/03\/WhatsApp-Gorsel-2024-03-19-saat-15.08.32_1f67adf5.jpg\" class=\"attachment-full size-full wp-image-3017\" alt=\"\" srcset=\"https:\/\/kelebeklervadisi.com.tr\/fr\/wp-content\/uploads\/2024\/03\/WhatsApp-Gorsel-2024-03-19-saat-15.08.32_1f67adf5.jpg 960w, https:\/\/kelebeklervadisi.com.tr\/fr\/wp-content\/uploads\/2024\/03\/WhatsApp-Gorsel-2024-03-19-saat-15.08.32_1f67adf5-180x300.jpg 180w, https:\/\/kelebeklervadisi.com.tr\/fr\/wp-content\/uploads\/2024\/03\/WhatsApp-Gorsel-2024-03-19-saat-15.08.32_1f67adf5-614x1024.jpg 614w, https:\/\/kelebeklervadisi.com.tr\/fr\/wp-content\/uploads\/2024\/03\/WhatsApp-Gorsel-2024-03-19-saat-15.08.32_1f67adf5-768x1280.jpg 768w, https:\/\/kelebeklervadisi.com.tr\/fr\/wp-content\/uploads\/2024\/03\/WhatsApp-Gorsel-2024-03-19-saat-15.08.32_1f67adf5-922x1536.jpg 922w, https:\/\/kelebeklervadisi.com.tr\/fr\/wp-content\/uploads\/2024\/03\/WhatsApp-Gorsel-2024-03-19-saat-15.08.32_1f67adf5-780x1300.jpg 780w, https:\/\/kelebeklervadisi.com.tr\/fr\/wp-content\/uploads\/2024\/03\/WhatsApp-Gorsel-2024-03-19-saat-15.08.32_1f67adf5-600x1000.jpg 600w, https:\/\/kelebeklervadisi.com.tr\/fr\/wp-content\/uploads\/2024\/03\/WhatsApp-Gorsel-2024-03-19-saat-15.08.32_1f67adf5-550x917.jpg 550w, https:\/\/kelebeklervadisi.com.tr\/fr\/wp-content\/uploads\/2024\/03\/WhatsApp-Gorsel-2024-03-19-saat-15.08.32_1f67adf5-370x617.jpg 370w, https:\/\/kelebeklervadisi.com.tr\/fr\/wp-content\/uploads\/2024\/03\/WhatsApp-Gorsel-2024-03-19-saat-15.08.32_1f67adf5-255x425.jpg 255w, https:\/\/kelebeklervadisi.com.tr\/fr\/wp-content\/uploads\/2024\/03\/WhatsApp-Gorsel-2024-03-19-saat-15.08.32_1f67adf5-90x150.jpg 90w\" sizes=\"(max-width: 960px) 100vw, 960px\" \/>                    <\/div>                    <div class=\"cs-gallery-item\"><img decoding=\"async\" width=\"956\" height=\"1280\" src=\"https:\/\/kelebeklervadisi.com.tr\/fr\/wp-content\/uploads\/2024\/03\/WhatsApp-Gorsel-2024-03-21-saat-20.34.52_298a942f.jpg\" class=\"attachment-full size-full wp-image-3016\" alt=\"\" srcset=\"https:\/\/kelebeklervadisi.com.tr\/fr\/wp-content\/uploads\/2024\/03\/WhatsApp-Gorsel-2024-03-21-saat-20.34.52_298a942f.jpg 956w, https:\/\/kelebeklervadisi.com.tr\/fr\/wp-content\/uploads\/2024\/03\/WhatsApp-Gorsel-2024-03-21-saat-20.34.52_298a942f-224x300.jpg 224w, https:\/\/kelebeklervadisi.com.tr\/fr\/wp-content\/uploads\/2024\/03\/WhatsApp-Gorsel-2024-03-21-saat-20.34.52_298a942f-765x1024.jpg 765w, https:\/\/kelebeklervadisi.com.tr\/fr\/wp-content\/uploads\/2024\/03\/WhatsApp-Gorsel-2024-03-21-saat-20.34.52_298a942f-768x1028.jpg 768w, https:\/\/kelebeklervadisi.com.tr\/fr\/wp-content\/uploads\/2024\/03\/WhatsApp-Gorsel-2024-03-21-saat-20.34.52_298a942f-780x1044.jpg 780w, https:\/\/kelebeklervadisi.com.tr\/fr\/wp-content\/uploads\/2024\/03\/WhatsApp-Gorsel-2024-03-21-saat-20.34.52_298a942f-600x803.jpg 600w, https:\/\/kelebeklervadisi.com.tr\/fr\/wp-content\/uploads\/2024\/03\/WhatsApp-Gorsel-2024-03-21-saat-20.34.52_298a942f-550x736.jpg 550w, https:\/\/kelebeklervadisi.com.tr\/fr\/wp-content\/uploads\/2024\/03\/WhatsApp-Gorsel-2024-03-21-saat-20.34.52_298a942f-370x495.jpg 370w, https:\/\/kelebeklervadisi.com.tr\/fr\/wp-content\/uploads\/2024\/03\/WhatsApp-Gorsel-2024-03-21-saat-20.34.52_298a942f-255x341.jpg 255w, https:\/\/kelebeklervadisi.com.tr\/fr\/wp-content\/uploads\/2024\/03\/WhatsApp-Gorsel-2024-03-21-saat-20.34.52_298a942f-112x150.jpg 112w\" sizes=\"(max-width: 956px) 100vw, 956px\" \/>                    <\/div>                <\/div>\n            <\/div>\t\t<\/div>\n\t\t\t\t<\/div>\n\t\t\t\t\t<\/div>\n\t\t<\/div>\n\t\t\t\t\t<\/div>\n\t\t<\/section>\n\t\t\t\t<\/div>\n\t\t","protected":false},"excerpt":{"rendered":"<p>Vall\u00e9e des Papillons Formations D&#8217;alpinisme R\u00eavez-vous d&#8217;atteindre le sommet ? Explorez les majestueuses beaut\u00e9s de la nature avec la formation \u00e0 l&#8217;escalade dans la Vall\u00e9e des Papillons ! Une exp\u00e9rience hors du commun Formations D&#8217;alpinisme &#8220;Prenez pied sur le sommet de vos r\u00eaves ! D\u00e9couvrez les majestueuses beaut\u00e9s de la nature avec la formation \u00e0 &#8230;<\/p>\n","protected":false},"author":1,"featured_media":0,"parent":0,"menu_order":0,"comment_status":"closed","ping_status":"closed","template":"template-wide-content.php","meta":{"cozystay_single_page_hide_site_header":"","cozystay_single_page_site_header_source":"","cozystay_single_page_custom_site_header":"0","cozystay_single_page_custom_sticky_site_header":"0","cozystay_single_page_hide_page_title":"on","cozystay_single_page_header_section_size":"","cozystay_single_page_header_background_color":"","cozystay_single_page_header_background_position_x":"center","cozystay_single_page_header_background_position_y":"center","cozystay_single_page_header_background_size":"cover","cozystay_single_page_header_background_repeat":"off","cozystay_single_page_header_background_scroll":"on","cozystay_single_page_header_text_color":"","cozystay_single_page_header_show_breadcrumb":"","cozystay_single_page_site_footer_hide_main":"","cozystay_single_custom_site_footer_main_source":"","cozystay_single_custom_site_footer_main":"0","cozystay_single_page_site_footer_hide_above":"","cozystay_single_custom_site_footer_above_source":"","cozystay_single_custom_site_footer_above":"0","cozystay_single_page_site_footer_hide_instagram":"","cozystay_single_page_site_footer_hide_bottom":"","cozystay_single_custom_mobile_menu_source":"","cozystay_single_custom_mobile_menu":"0","cozystay_single_custom_mobile_menu_animation":"","cozystay_single_custom_mobile_menu_width":"","cozystay_single_custom_mobile_menu_custom_width":375,"footnotes":""},"class_list":["post-3010","page","type-page","status-publish","hentry"],"_links":{"self":[{"href":"https:\/\/kelebeklervadisi.com.tr\/fr\/wp-json\/wp\/v2\/pages\/3010","targetHints":{"allow":["GET"]}}],"collection":[{"href":"https:\/\/kelebeklervadisi.com.tr\/fr\/wp-json\/wp\/v2\/pages"}],"about":[{"href":"https:\/\/kelebeklervadisi.com.tr\/fr\/wp-json\/wp\/v2\/types\/page"}],"author":[{"embeddable":true,"href":"https:\/\/kelebeklervadisi.com.tr\/fr\/wp-json\/wp\/v2\/users\/1"}],"replies":[{"embeddable":true,"href":"https:\/\/kelebeklervadisi.com.tr\/fr\/wp-json\/wp\/v2\/comments?post=3010"}],"version-history":[{"count":16,"href":"https:\/\/kelebeklervadisi.com.tr\/fr\/wp-json\/wp\/v2\/pages\/3010\/revisions"}],"predecessor-version":[{"id":3428,"href":"https:\/\/kelebeklervadisi.com.tr\/fr\/wp-json\/wp\/v2\/pages\/3010\/revisions\/3428"}],"wp:attachment":[{"href":"https:\/\/kelebeklervadisi.com.tr\/fr\/wp-json\/wp\/v2\/media?parent=3010"}],"curies":[{"name":"wp","href":"https:\/\/api.w.org\/{rel}","templated":true}]}}