{"id":2994,"date":"2024-03-28T21:25:18","date_gmt":"2024-03-28T21:25:18","guid":{"rendered":"https:\/\/kelebeklervadisi.com.tr\/fr\/?page_id=2994"},"modified":"2024-04-18T14:28:02","modified_gmt":"2024-04-18T14:28:02","slug":"snorkeling","status":"publish","type":"page","link":"https:\/\/kelebeklervadisi.com.tr\/fr\/snorkeling\/","title":{"rendered":"Snorkeling"},"content":{"rendered":"\t\t<div data-elementor-type=\"wp-page\" data-elementor-id=\"2994\" class=\"elementor elementor-2994\">\n\t\t\t\t\t\t<section class=\"elementor-section elementor-top-section elementor-element elementor-element-801451a elementor-section-height-min-height cs-section-content-fullwidth cs-parallax-on-scroll cs_scroll_y_80 elementor-section-boxed elementor-section-height-default elementor-section-items-middle\" data-id=\"801451a\" data-element_type=\"section\" data-settings=\"{&quot;background_background&quot;:&quot;classic&quot;}\" data-cs-parallax-y=\"80\" style=\"background-image: none;\" data-cs-background-image=\"https:\/\/kelebeklervadisi.com.tr\/fr\/wp-content\/uploads\/2024\/03\/fethiye-turlari-ozel-tuplu-dalis-oludeniz.jpg\">\n\t\t\t\t\t\t\t<div class=\"elementor-background-overlay\"><\/div>\n\t\t\t\t\t\t\t<div class=\"elementor-container elementor-column-gap-no\">\n\t\t\t\t\t<div class=\"elementor-column elementor-col-100 elementor-top-column elementor-element elementor-element-7844eab dark-color\" data-id=\"7844eab\" data-element_type=\"column\">\n\t\t\t<div class=\"elementor-widget-wrap elementor-element-populated\">\n\t\t\t\t\t\t<div class=\"elementor-element elementor-element-b753ce4 elementor-widget elementor-widget-cs_title\" data-id=\"b753ce4\" data-element_type=\"widget\" data-widget_type=\"cs_title.default\">\n\t\t\t\t<div class=\"elementor-widget-container\">\n\t\t\t\n        <div class=\"cs-title-wrap text-center\">\t            <div class=\"cs-subtitle-wrap\"><span class=\"cs-subtitle color-white\">Vall\u00e9e des Papillons<\/span><\/div>\t            <h1 class=\"cs-title\">\n\t                Plong\u00e9e En Apn\u00e9e\t            <\/h1>\t            <div class=\"cs-title-text\">\n\t                <h2 class=\"elementor-heading-title elementor-size-default\">Explorez les beaut\u00e9s sous-marines \u00e0 volont\u00e9 !<\/h2>\t            <\/div>        <\/div>\t\t<\/div>\n\t\t\t\t<\/div>\n\t\t\t\t\t<\/div>\n\t\t<\/div>\n\t\t\t\t\t<\/div>\n\t\t<\/section>\n\t\t\t\t<section class=\"elementor-section elementor-top-section elementor-element elementor-element-794445d elementor-section-boxed elementor-section-height-default elementor-section-height-default\" data-id=\"794445d\" data-element_type=\"section\">\n\t\t\t\t\t\t<div class=\"elementor-container elementor-column-gap-no\">\n\t\t\t\t\t<div class=\"elementor-column elementor-col-66 elementor-top-column elementor-element elementor-element-559ab60\" data-id=\"559ab60\" data-element_type=\"column\">\n\t\t\t<div class=\"elementor-widget-wrap elementor-element-populated\">\n\t\t\t\t\t\t<div class=\"elementor-element elementor-element-4f7870c elementor-widget elementor-widget-cs_title\" data-id=\"4f7870c\" data-element_type=\"widget\" data-widget_type=\"cs_title.default\">\n\t\t\t\t<div class=\"elementor-widget-container\">\n\t\t\t\n        <div class=\"cs-title-wrap\">\t            <div class=\"cs-subtitle-wrap\"><span class=\"cs-subtitle\">Une exp\u00e9rience hors du commun<\/span><\/div>\t            <h2 class=\"cs-title\">\n\t                Plong\u00e9e En Apn\u00e9e\t            <\/h2>\t            <div class=\"cs-title-text\">\n\t                <p>D\u00e9couvrez le monde myst\u00e9rieux de la mer ! L&#8217;exp\u00e9rience de la plong\u00e9e avec tuba vous attend dans la Vall\u00e9e des Papillons. Plongez dans les eaux turquoises et rencontrez les coraux color\u00e9s et la vie marine exotique. Sous le chaud soleil, nagez dans des eaux claires, observez les poissons color\u00e9s et laissez-vous emporter par la magie de la nature. Dans l&#8217;atmosph\u00e8re calme et paisible des fonds marins, laissez le stress derri\u00e8re vous et vivez une aventure unique. Explorez en toute s\u00e9curit\u00e9 avec des guides professionnels et passez une journ\u00e9e remplie de souvenirs inoubliables. Vivez l&#8217;aventure sous-marine de vos r\u00eaves avec la plong\u00e9e avec tuba dans la Vall\u00e9e des Papillons !<\/p>\t            <\/div>        <\/div>\t\t<\/div>\n\t\t\t\t<\/div>\n\t\t\t\t\t<\/div>\n\t\t<\/div>\n\t\t\t\t<div class=\"elementor-column elementor-col-33 elementor-top-column elementor-element elementor-element-a72484e\" data-id=\"a72484e\" data-element_type=\"column\">\n\t\t\t<div class=\"elementor-widget-wrap elementor-element-populated\">\n\t\t\t\t\t\t<section class=\"elementor-section elementor-inner-section elementor-element elementor-element-d4cbe84 elementor-section-boxed elementor-section-height-default elementor-section-height-default\" data-id=\"d4cbe84\" data-element_type=\"section\" data-settings=\"{&quot;background_background&quot;:&quot;classic&quot;}\">\n\t\t\t\t\t\t<div class=\"elementor-container elementor-column-gap-no\">\n\t\t\t\t\t<div class=\"elementor-column elementor-col-100 elementor-inner-column elementor-element elementor-element-4a70667\" data-id=\"4a70667\" data-element_type=\"column\">\n\t\t\t<div class=\"elementor-widget-wrap elementor-element-populated\">\n\t\t\t\t\t\t<div class=\"elementor-element elementor-element-930c3d3 elementor-position-left elementor-vertical-align-middle elementor-mobile-position-left elementor-view-default elementor-widget elementor-widget-icon-box\" data-id=\"930c3d3\" data-element_type=\"widget\" data-widget_type=\"icon-box.default\">\n\t\t\t\t<div class=\"elementor-widget-container\">\n\t\t\t<link rel=\"stylesheet\" href=\"https:\/\/kelebeklervadisi.com.tr\/fr\/wp-content\/plugins\/elementor\/assets\/css\/widget-icon-box.min.css\">\t\t<div class=\"elementor-icon-box-wrapper\">\n\t\t\t\t\t\t<div class=\"elementor-icon-box-icon\">\n\t\t\t\t<span  class=\"elementor-icon elementor-animation-\">\n\t\t\t\t<svg aria-hidden=\"true\" class=\"e-font-icon-svg e-fas-phone-alt\" viewBox=\"0 0 512 512\" xmlns=\"http:\/\/www.w3.org\/2000\/svg\"><path d=\"M497.39 361.8l-112-48a24 24 0 0 0-28 6.9l-49.6 60.6A370.66 370.66 0 0 1 130.6 204.11l60.6-49.6a23.94 23.94 0 0 0 6.9-28l-48-112A24.16 24.16 0 0 0 122.6.61l-104 24A24 24 0 0 0 0 48c0 256.5 207.9 464 464 464a24 24 0 0 0 23.4-18.6l24-104a24.29 24.29 0 0 0-14.01-27.6z\"><\/path><\/svg>\t\t\t\t<\/span>\n\t\t\t<\/div>\n\t\t\t\t\t\t<div class=\"elementor-icon-box-content\">\n\t\t\t\t<div class=\"elementor-icon-box-title\">\n\t\t\t\t\t<span  >\n\t\t\t\t\t\tR\u00e9servation de t\u00e9l\u00e9phone\t\t\t\t\t<\/span>\n\t\t\t\t<\/div>\n\t\t\t\t\t\t\t\t\t<p class=\"elementor-icon-box-description\">\n\t\t\t\t\t\t<a href=\"tel:0 530 302 19 65\">0 530 302 19 65<\/a>\t\t\t\t\t<\/p>\n\t\t\t\t\t\t\t<\/div>\n\t\t<\/div>\n\t\t\t\t<\/div>\n\t\t\t\t<\/div>\n\t\t\t\t<div class=\"elementor-element elementor-element-fc10899 elementor-align-justify elementor-widget elementor-widget-cs_button\" data-id=\"fc10899\" data-element_type=\"widget\" data-widget_type=\"cs_button.default\">\n\t\t\t\t<div class=\"elementor-widget-container\">\n\t\t\t        <a href=\"https:\/\/kelebeklervadisi.com.tr\/fr\/iletisim\/\" class=\"elementor-button-link button cs-btn-color-black\" role=\"button\">\n            <span class=\"cs-btn-text\">Communication<\/span>        <\/a>\t\t<\/div>\n\t\t\t\t<\/div>\n\t\t\t\t\t<\/div>\n\t\t<\/div>\n\t\t\t\t\t<\/div>\n\t\t<\/section>\n\t\t\t\t\t<\/div>\n\t\t<\/div>\n\t\t\t\t\t<\/div>\n\t\t<\/section>\n\t\t\t\t<section class=\"elementor-section elementor-top-section elementor-element elementor-element-632e1fe elementor-section-boxed elementor-section-height-default elementor-section-height-default\" data-id=\"632e1fe\" data-element_type=\"section\">\n\t\t\t\t\t\t<div class=\"elementor-container elementor-column-gap-no\">\n\t\t\t\t\t<div class=\"elementor-column elementor-col-100 elementor-top-column elementor-element elementor-element-b85a064\" data-id=\"b85a064\" data-element_type=\"column\">\n\t\t\t<div class=\"elementor-widget-wrap elementor-element-populated\">\n\t\t\t\t\t\t<div class=\"elementor-element elementor-element-8117ef3 elementor-widget elementor-widget-cs_gallery\" data-id=\"8117ef3\" data-element_type=\"widget\" data-widget_type=\"cs_gallery.default\">\n\t\t\t\t<div class=\"elementor-widget-container\">\n\t\t\t\n            <div class=\"cs-gallery gap-5 gallery-grid grid-col-3\">\n                <div class=\"cs-gallery-wrap\">                    <div class=\"cs-gallery-item\"><img fetchpriority=\"high\" decoding=\"async\" width=\"640\" height=\"480\" src=\"https:\/\/kelebeklervadisi.com.tr\/fr\/wp-content\/uploads\/2024\/03\/36607032011145832S9K3P7R8O28.jpg\" class=\"attachment-full size-full wp-image-3000\" alt=\"\" srcset=\"https:\/\/kelebeklervadisi.com.tr\/fr\/wp-content\/uploads\/2024\/03\/36607032011145832S9K3P7R8O28.jpg 640w, https:\/\/kelebeklervadisi.com.tr\/fr\/wp-content\/uploads\/2024\/03\/36607032011145832S9K3P7R8O28-300x225.jpg 300w, https:\/\/kelebeklervadisi.com.tr\/fr\/wp-content\/uploads\/2024\/03\/36607032011145832S9K3P7R8O28-600x450.jpg 600w, https:\/\/kelebeklervadisi.com.tr\/fr\/wp-content\/uploads\/2024\/03\/36607032011145832S9K3P7R8O28-550x413.jpg 550w, https:\/\/kelebeklervadisi.com.tr\/fr\/wp-content\/uploads\/2024\/03\/36607032011145832S9K3P7R8O28-370x278.jpg 370w, https:\/\/kelebeklervadisi.com.tr\/fr\/wp-content\/uploads\/2024\/03\/36607032011145832S9K3P7R8O28-255x191.jpg 255w, https:\/\/kelebeklervadisi.com.tr\/fr\/wp-content\/uploads\/2024\/03\/36607032011145832S9K3P7R8O28-150x113.jpg 150w\" sizes=\"(max-width: 640px) 100vw, 640px\" \/>                    <\/div>                    <div class=\"cs-gallery-item\"><img decoding=\"async\" width=\"650\" height=\"487\" src=\"https:\/\/kelebeklervadisi.com.tr\/fr\/wp-content\/uploads\/2024\/03\/36623022010151058C4U8Z2C3Y72.jpg\" class=\"attachment-full size-full wp-image-3001\" alt=\"\" srcset=\"https:\/\/kelebeklervadisi.com.tr\/fr\/wp-content\/uploads\/2024\/03\/36623022010151058C4U8Z2C3Y72.jpg 650w, https:\/\/kelebeklervadisi.com.tr\/fr\/wp-content\/uploads\/2024\/03\/36623022010151058C4U8Z2C3Y72-300x225.jpg 300w, https:\/\/kelebeklervadisi.com.tr\/fr\/wp-content\/uploads\/2024\/03\/36623022010151058C4U8Z2C3Y72-600x450.jpg 600w, https:\/\/kelebeklervadisi.com.tr\/fr\/wp-content\/uploads\/2024\/03\/36623022010151058C4U8Z2C3Y72-550x412.jpg 550w, https:\/\/kelebeklervadisi.com.tr\/fr\/wp-content\/uploads\/2024\/03\/36623022010151058C4U8Z2C3Y72-370x277.jpg 370w, https:\/\/kelebeklervadisi.com.tr\/fr\/wp-content\/uploads\/2024\/03\/36623022010151058C4U8Z2C3Y72-255x191.jpg 255w, https:\/\/kelebeklervadisi.com.tr\/fr\/wp-content\/uploads\/2024\/03\/36623022010151058C4U8Z2C3Y72-150x112.jpg 150w\" sizes=\"(max-width: 650px) 100vw, 650px\" \/>                    <\/div>                    <div class=\"cs-gallery-item\"><img decoding=\"async\" width=\"650\" height=\"487\" src=\"https:\/\/kelebeklervadisi.com.tr\/fr\/wp-content\/uploads\/2024\/03\/36623022010151058C4U8Z2C3Y72-1.jpg\" class=\"attachment-full size-full wp-image-3005\" alt=\"\" srcset=\"https:\/\/kelebeklervadisi.com.tr\/fr\/wp-content\/uploads\/2024\/03\/36623022010151058C4U8Z2C3Y72-1.jpg 650w, https:\/\/kelebeklervadisi.com.tr\/fr\/wp-content\/uploads\/2024\/03\/36623022010151058C4U8Z2C3Y72-1-300x225.jpg 300w, https:\/\/kelebeklervadisi.com.tr\/fr\/wp-content\/uploads\/2024\/03\/36623022010151058C4U8Z2C3Y72-1-600x450.jpg 600w, https:\/\/kelebeklervadisi.com.tr\/fr\/wp-content\/uploads\/2024\/03\/36623022010151058C4U8Z2C3Y72-1-550x412.jpg 550w, https:\/\/kelebeklervadisi.com.tr\/fr\/wp-content\/uploads\/2024\/03\/36623022010151058C4U8Z2C3Y72-1-370x277.jpg 370w, https:\/\/kelebeklervadisi.com.tr\/fr\/wp-content\/uploads\/2024\/03\/36623022010151058C4U8Z2C3Y72-1-255x191.jpg 255w, https:\/\/kelebeklervadisi.com.tr\/fr\/wp-content\/uploads\/2024\/03\/36623022010151058C4U8Z2C3Y72-1-150x112.jpg 150w\" sizes=\"(max-width: 650px) 100vw, 650px\" \/>                    <\/div>                <\/div>\n            <\/div>\t\t<\/div>\n\t\t\t\t<\/div>\n\t\t\t\t\t<\/div>\n\t\t<\/div>\n\t\t\t\t\t<\/div>\n\t\t<\/section>\n\t\t\t\t<\/div>\n\t\t","protected":false},"excerpt":{"rendered":"<p>Vall\u00e9e des Papillons Plong\u00e9e En Apn\u00e9e Explorez les beaut\u00e9s sous-marines \u00e0 volont\u00e9 ! Une exp\u00e9rience hors du commun Plong\u00e9e En Apn\u00e9e D\u00e9couvrez le monde myst\u00e9rieux de la mer ! L&#8217;exp\u00e9rience de la plong\u00e9e avec tuba vous attend dans la Vall\u00e9e des Papillons. Plongez dans les eaux turquoises et rencontrez les coraux color\u00e9s et la vie &#8230;<\/p>\n","protected":false},"author":1,"featured_media":0,"parent":0,"menu_order":0,"comment_status":"closed","ping_status":"closed","template":"template-wide-content.php","meta":{"cozystay_single_page_hide_site_header":"","cozystay_single_page_site_header_source":"","cozystay_single_page_custom_site_header":"0","cozystay_single_page_custom_sticky_site_header":"0","cozystay_single_page_hide_page_title":"on","cozystay_single_page_header_section_size":"","cozystay_single_page_header_background_color":"","cozystay_single_page_header_background_position_x":"center","cozystay_single_page_header_background_position_y":"center","cozystay_single_page_header_background_size":"cover","cozystay_single_page_header_background_repeat":"off","cozystay_single_page_header_background_scroll":"on","cozystay_single_page_header_text_color":"","cozystay_single_page_header_show_breadcrumb":"","cozystay_single_page_site_footer_hide_main":"","cozystay_single_custom_site_footer_main_source":"","cozystay_single_custom_site_footer_main":"0","cozystay_single_page_site_footer_hide_above":"","cozystay_single_custom_site_footer_above_source":"","cozystay_single_custom_site_footer_above":"0","cozystay_single_page_site_footer_hide_instagram":"","cozystay_single_page_site_footer_hide_bottom":"","cozystay_single_custom_mobile_menu_source":"","cozystay_single_custom_mobile_menu":"0","cozystay_single_custom_mobile_menu_animation":"","cozystay_single_custom_mobile_menu_width":"","cozystay_single_custom_mobile_menu_custom_width":375,"footnotes":""},"class_list":["post-2994","page","type-page","status-publish","hentry"],"_links":{"self":[{"href":"https:\/\/kelebeklervadisi.com.tr\/fr\/wp-json\/wp\/v2\/pages\/2994","targetHints":{"allow":["GET"]}}],"collection":[{"href":"https:\/\/kelebeklervadisi.com.tr\/fr\/wp-json\/wp\/v2\/pages"}],"about":[{"href":"https:\/\/kelebeklervadisi.com.tr\/fr\/wp-json\/wp\/v2\/types\/page"}],"author":[{"embeddable":true,"href":"https:\/\/kelebeklervadisi.com.tr\/fr\/wp-json\/wp\/v2\/users\/1"}],"replies":[{"embeddable":true,"href":"https:\/\/kelebeklervadisi.com.tr\/fr\/wp-json\/wp\/v2\/comments?post=2994"}],"version-history":[{"count":19,"href":"https:\/\/kelebeklervadisi.com.tr\/fr\/wp-json\/wp\/v2\/pages\/2994\/revisions"}],"predecessor-version":[{"id":3415,"href":"https:\/\/kelebeklervadisi.com.tr\/fr\/wp-json\/wp\/v2\/pages\/2994\/revisions\/3415"}],"wp:attachment":[{"href":"https:\/\/kelebeklervadisi.com.tr\/fr\/wp-json\/wp\/v2\/media?parent=2994"}],"curies":[{"name":"wp","href":"https:\/\/api.w.org\/{rel}","templated":true}]}}