{"id":1810,"date":"2023-05-11T14:15:51","date_gmt":"2023-05-11T14:15:51","guid":{"rendered":"https:\/\/cozystay.loftocean.com\/island-resort\/?page_id=1810"},"modified":"2024-04-18T14:23:48","modified_gmt":"2024-04-18T14:23:48","slug":"yoga-relaxing","status":"publish","type":"page","link":"https:\/\/kelebeklervadisi.com.tr\/fr\/yoga-relaxing\/","title":{"rendered":"Yoga Relaxing"},"content":{"rendered":"\t\t<div data-elementor-type=\"wp-page\" data-elementor-id=\"1810\" class=\"elementor elementor-1810\">\n\t\t\t\t\t\t<section class=\"elementor-section elementor-top-section elementor-element elementor-element-801451a elementor-section-height-min-height cs-section-content-fullwidth cs-parallax-on-scroll cs_scroll_y_80 elementor-section-boxed elementor-section-height-default elementor-section-items-middle\" data-id=\"801451a\" data-element_type=\"section\" data-settings=\"{&quot;background_background&quot;:&quot;classic&quot;}\" data-cs-parallax-y=\"80\" style=\"background-image: none;\" data-cs-background-image=\"https:\/\/kelebeklervadisi.com.tr\/fr\/wp-content\/uploads\/2024\/03\/289238464_5404064432947754_853682627596244692_n.jpg\">\n\t\t\t\t\t\t\t<div class=\"elementor-background-overlay\"><\/div>\n\t\t\t\t\t\t\t<div class=\"elementor-container elementor-column-gap-no\">\n\t\t\t\t\t<div class=\"elementor-column elementor-col-100 elementor-top-column elementor-element elementor-element-7844eab dark-color\" data-id=\"7844eab\" data-element_type=\"column\">\n\t\t\t<div class=\"elementor-widget-wrap elementor-element-populated\">\n\t\t\t\t\t\t<div class=\"elementor-element elementor-element-b753ce4 elementor-widget elementor-widget-cs_title\" data-id=\"b753ce4\" data-element_type=\"widget\" data-widget_type=\"cs_title.default\">\n\t\t\t\t<div class=\"elementor-widget-container\">\n\t\t\t\n        <div class=\"cs-title-wrap text-center\">\t            <div class=\"cs-subtitle-wrap\"><span class=\"cs-subtitle color-white\">Vall\u00e9e des Papillons<\/span><\/div>\t            <h1 class=\"cs-title\">\n\t                Yoga Relaxant\t            <\/h1>\t            <div class=\"cs-title-text\">\n\t                <h2 class=\"elementor-heading-title elementor-size-default\">De nombreuses activit\u00e9s t&#8217;attendent dans la vall\u00e9e pour apaiser ton corps et ton esprit.<\/h2>\t            <\/div>        <\/div>\t\t<\/div>\n\t\t\t\t<\/div>\n\t\t\t\t\t<\/div>\n\t\t<\/div>\n\t\t\t\t\t<\/div>\n\t\t<\/section>\n\t\t\t\t<section class=\"elementor-section elementor-top-section elementor-element elementor-element-794445d elementor-section-boxed elementor-section-height-default elementor-section-height-default\" data-id=\"794445d\" data-element_type=\"section\">\n\t\t\t\t\t\t<div class=\"elementor-container elementor-column-gap-no\">\n\t\t\t\t\t<div class=\"elementor-column elementor-col-66 elementor-top-column elementor-element elementor-element-559ab60\" data-id=\"559ab60\" data-element_type=\"column\">\n\t\t\t<div class=\"elementor-widget-wrap elementor-element-populated\">\n\t\t\t\t\t\t<div class=\"elementor-element elementor-element-4f7870c elementor-widget elementor-widget-cs_title\" data-id=\"4f7870c\" data-element_type=\"widget\" data-widget_type=\"cs_title.default\">\n\t\t\t\t<div class=\"elementor-widget-container\">\n\t\t\t\n        <div class=\"cs-title-wrap\">\t            <div class=\"cs-subtitle-wrap\"><span class=\"cs-subtitle\">Une exp\u00e9rience hors du commun<\/span><\/div>\t            <h2 class=\"cs-title\">\n\t                Yoga Relaxant\t            <\/h2>\t            <div class=\"cs-title-text\">\n\t                <div class=\"flex-1 overflow-hidden\"><div class=\"react-scroll-to-bottom--css-gpxxn-79elbk h-full\"><div class=\"react-scroll-to-bottom--css-gpxxn-1n7m0yu\"><div class=\"flex flex-col text-sm pb-9\"><div class=\"w-full text-token-text-primary\" dir=\"auto\" data-testid=\"conversation-turn-91\"><div class=\"px-4 py-2 justify-center text-base md:gap-6 m-auto\"><div class=\"flex flex-1 text-base mx-auto gap-3 juice:gap-4 juice:md:gap-6 md:px-5 lg:px-1 xl:px-5 md:max-w-3xl lg:max-w-[40rem] xl:max-w-[48rem]\"><div class=\"relative flex w-full flex-col agent-turn\"><div class=\"flex-col gap-1 md:gap-3\"><div class=\"flex flex-grow flex-col max-w-full\"><div class=\"min-h-[20px] text-message flex flex-col items-start gap-3 whitespace-pre-wrap break-words [.text-message+&amp;]:mt-5 overflow-x-auto\" dir=\"auto\" data-message-author-role=\"assistant\" data-message-id=\"b2ef45e3-8d77-4c24-bf40-818d11814a07\"><div class=\"markdown prose w-full break-words dark:prose-invert light\"><p data-sider-select-id=\"0a7d8676-55b3-49c0-8c24-13a35de83217\">Yoga, la pratique de l&#8217;exercice focalis\u00e9 sur la respiration pour am\u00e9liorer le bien-\u00eatre physique et mental. Il comprend une s\u00e9rie de mouvements, exercices de respiration et m\u00e9ditations con\u00e7us pour r\u00e9duire le stress, rester en bonne sant\u00e9, augmenter la force et la flexibilit\u00e9. Son objectif est d&#8217;apporter conscience et harmonie \u00e0 l&#8217;esprit et au corps. Ancienne tradition, la pratique du yoga apporte de nombreux avantages mentaux et physiques. Il renforce les muscles, soutient le syst\u00e8me respiratoire et la sant\u00e9 cardiaque, aide dans le traitement des d\u00e9pendances, r\u00e9duit le stress, l&#8217;anxi\u00e9t\u00e9, la d\u00e9pression et les douleurs chroniques, am\u00e9liore la qualit\u00e9 du sommeil et la qualit\u00e9 de vie. Pratiqu\u00e9 de diff\u00e9rentes mani\u00e8res dans de nombreux pays, le yoga est reconnu dans l&#8217;Occident comme une approche compl\u00e9mentaire et alternative de la m\u00e9decine.<\/p><\/div><\/div><\/div><\/div><\/div><\/div><\/div><\/div><\/div><\/div><\/div><\/div>\t            <\/div>        <\/div>\t\t<\/div>\n\t\t\t\t<\/div>\n\t\t\t\t\t<\/div>\n\t\t<\/div>\n\t\t\t\t<div class=\"elementor-column elementor-col-33 elementor-top-column elementor-element elementor-element-a72484e\" data-id=\"a72484e\" data-element_type=\"column\">\n\t\t\t<div class=\"elementor-widget-wrap elementor-element-populated\">\n\t\t\t\t\t\t<section class=\"elementor-section elementor-inner-section elementor-element elementor-element-d4cbe84 elementor-section-boxed elementor-section-height-default elementor-section-height-default\" data-id=\"d4cbe84\" data-element_type=\"section\" data-settings=\"{&quot;background_background&quot;:&quot;classic&quot;}\">\n\t\t\t\t\t\t<div class=\"elementor-container elementor-column-gap-no\">\n\t\t\t\t\t<div class=\"elementor-column elementor-col-100 elementor-inner-column elementor-element elementor-element-4a70667\" data-id=\"4a70667\" data-element_type=\"column\">\n\t\t\t<div class=\"elementor-widget-wrap elementor-element-populated\">\n\t\t\t\t\t\t<div class=\"elementor-element elementor-element-930c3d3 elementor-position-left elementor-vertical-align-middle elementor-mobile-position-left elementor-view-default elementor-widget elementor-widget-icon-box\" data-id=\"930c3d3\" data-element_type=\"widget\" data-widget_type=\"icon-box.default\">\n\t\t\t\t<div class=\"elementor-widget-container\">\n\t\t\t<link rel=\"stylesheet\" href=\"https:\/\/kelebeklervadisi.com.tr\/fr\/wp-content\/plugins\/elementor\/assets\/css\/widget-icon-box.min.css\">\t\t<div class=\"elementor-icon-box-wrapper\">\n\t\t\t\t\t\t<div class=\"elementor-icon-box-icon\">\n\t\t\t\t<span  class=\"elementor-icon elementor-animation-\">\n\t\t\t\t<svg aria-hidden=\"true\" class=\"e-font-icon-svg e-fas-phone-alt\" viewBox=\"0 0 512 512\" xmlns=\"http:\/\/www.w3.org\/2000\/svg\"><path d=\"M497.39 361.8l-112-48a24 24 0 0 0-28 6.9l-49.6 60.6A370.66 370.66 0 0 1 130.6 204.11l60.6-49.6a23.94 23.94 0 0 0 6.9-28l-48-112A24.16 24.16 0 0 0 122.6.61l-104 24A24 24 0 0 0 0 48c0 256.5 207.9 464 464 464a24 24 0 0 0 23.4-18.6l24-104a24.29 24.29 0 0 0-14.01-27.6z\"><\/path><\/svg>\t\t\t\t<\/span>\n\t\t\t<\/div>\n\t\t\t\t\t\t<div class=\"elementor-icon-box-content\">\n\t\t\t\t<div class=\"elementor-icon-box-title\">\n\t\t\t\t\t<span  >\n\t\t\t\t\t\tT\u00e9l\u00e9phone de r\u00e9servation\t\t\t\t\t<\/span>\n\t\t\t\t<\/div>\n\t\t\t\t\t\t\t\t\t<p class=\"elementor-icon-box-description\">\n\t\t\t\t\t\t<a href=\"tel:0 530 302 19 65\">0 530 302 19 65<\/a>\t\t\t\t\t<\/p>\n\t\t\t\t\t\t\t<\/div>\n\t\t<\/div>\n\t\t\t\t<\/div>\n\t\t\t\t<\/div>\n\t\t\t\t<div class=\"elementor-element elementor-element-fc10899 elementor-align-justify elementor-widget elementor-widget-cs_button\" data-id=\"fc10899\" data-element_type=\"widget\" data-widget_type=\"cs_button.default\">\n\t\t\t\t<div class=\"elementor-widget-container\">\n\t\t\t        <a href=\"https:\/\/kelebeklervadisi.com.tr\/fr\/iletisim\/\" class=\"elementor-button-link button cs-btn-color-black\" role=\"button\">\n            <span class=\"cs-btn-text\">Communication<\/span>        <\/a>\t\t<\/div>\n\t\t\t\t<\/div>\n\t\t\t\t\t<\/div>\n\t\t<\/div>\n\t\t\t\t\t<\/div>\n\t\t<\/section>\n\t\t\t\t\t<\/div>\n\t\t<\/div>\n\t\t\t\t\t<\/div>\n\t\t<\/section>\n\t\t\t\t<section class=\"elementor-section elementor-top-section elementor-element elementor-element-632e1fe elementor-section-boxed elementor-section-height-default elementor-section-height-default\" data-id=\"632e1fe\" data-element_type=\"section\">\n\t\t\t\t\t\t<div class=\"elementor-container elementor-column-gap-no\">\n\t\t\t\t\t<div class=\"elementor-column elementor-col-100 elementor-top-column elementor-element elementor-element-b85a064\" data-id=\"b85a064\" data-element_type=\"column\">\n\t\t\t<div class=\"elementor-widget-wrap elementor-element-populated\">\n\t\t\t\t\t\t<div class=\"elementor-element elementor-element-8117ef3 elementor-widget elementor-widget-cs_gallery\" data-id=\"8117ef3\" data-element_type=\"widget\" data-widget_type=\"cs_gallery.default\">\n\t\t\t\t<div class=\"elementor-widget-container\">\n\t\t\t\n            <div class=\"cs-gallery gap-5 gallery-grid grid-col-3\">\n                <div class=\"cs-gallery-wrap\">                    <div class=\"cs-gallery-item\"><img fetchpriority=\"high\" decoding=\"async\" width=\"1080\" height=\"1080\" src=\"https:\/\/kelebeklervadisi.com.tr\/fr\/wp-content\/uploads\/2024\/03\/289309326_5404064422947755_7946627038999978222_n.jpg\" class=\"attachment-full size-full wp-image-2986\" alt=\"\" srcset=\"https:\/\/kelebeklervadisi.com.tr\/fr\/wp-content\/uploads\/2024\/03\/289309326_5404064422947755_7946627038999978222_n.jpg 1080w, https:\/\/kelebeklervadisi.com.tr\/fr\/wp-content\/uploads\/2024\/03\/289309326_5404064422947755_7946627038999978222_n-300x300.jpg 300w, https:\/\/kelebeklervadisi.com.tr\/fr\/wp-content\/uploads\/2024\/03\/289309326_5404064422947755_7946627038999978222_n-1024x1024.jpg 1024w, https:\/\/kelebeklervadisi.com.tr\/fr\/wp-content\/uploads\/2024\/03\/289309326_5404064422947755_7946627038999978222_n-150x150.jpg 150w, https:\/\/kelebeklervadisi.com.tr\/fr\/wp-content\/uploads\/2024\/03\/289309326_5404064422947755_7946627038999978222_n-768x768.jpg 768w, https:\/\/kelebeklervadisi.com.tr\/fr\/wp-content\/uploads\/2024\/03\/289309326_5404064422947755_7946627038999978222_n-780x780.jpg 780w, https:\/\/kelebeklervadisi.com.tr\/fr\/wp-content\/uploads\/2024\/03\/289309326_5404064422947755_7946627038999978222_n-600x600.jpg 600w, https:\/\/kelebeklervadisi.com.tr\/fr\/wp-content\/uploads\/2024\/03\/289309326_5404064422947755_7946627038999978222_n-550x550.jpg 550w, https:\/\/kelebeklervadisi.com.tr\/fr\/wp-content\/uploads\/2024\/03\/289309326_5404064422947755_7946627038999978222_n-370x370.jpg 370w, https:\/\/kelebeklervadisi.com.tr\/fr\/wp-content\/uploads\/2024\/03\/289309326_5404064422947755_7946627038999978222_n-255x255.jpg 255w\" sizes=\"(max-width: 1080px) 100vw, 1080px\" \/>                    <\/div>                    <div class=\"cs-gallery-item\"><img decoding=\"async\" width=\"1080\" height=\"1080\" src=\"https:\/\/kelebeklervadisi.com.tr\/fr\/wp-content\/uploads\/2024\/03\/289309326_5404064426281088_6301162924691503627_n.jpg\" class=\"attachment-full size-full wp-image-2988\" alt=\"\" srcset=\"https:\/\/kelebeklervadisi.com.tr\/fr\/wp-content\/uploads\/2024\/03\/289309326_5404064426281088_6301162924691503627_n.jpg 1080w, https:\/\/kelebeklervadisi.com.tr\/fr\/wp-content\/uploads\/2024\/03\/289309326_5404064426281088_6301162924691503627_n-300x300.jpg 300w, https:\/\/kelebeklervadisi.com.tr\/fr\/wp-content\/uploads\/2024\/03\/289309326_5404064426281088_6301162924691503627_n-1024x1024.jpg 1024w, https:\/\/kelebeklervadisi.com.tr\/fr\/wp-content\/uploads\/2024\/03\/289309326_5404064426281088_6301162924691503627_n-150x150.jpg 150w, https:\/\/kelebeklervadisi.com.tr\/fr\/wp-content\/uploads\/2024\/03\/289309326_5404064426281088_6301162924691503627_n-768x768.jpg 768w, https:\/\/kelebeklervadisi.com.tr\/fr\/wp-content\/uploads\/2024\/03\/289309326_5404064426281088_6301162924691503627_n-780x780.jpg 780w, https:\/\/kelebeklervadisi.com.tr\/fr\/wp-content\/uploads\/2024\/03\/289309326_5404064426281088_6301162924691503627_n-600x600.jpg 600w, https:\/\/kelebeklervadisi.com.tr\/fr\/wp-content\/uploads\/2024\/03\/289309326_5404064426281088_6301162924691503627_n-550x550.jpg 550w, https:\/\/kelebeklervadisi.com.tr\/fr\/wp-content\/uploads\/2024\/03\/289309326_5404064426281088_6301162924691503627_n-370x370.jpg 370w, https:\/\/kelebeklervadisi.com.tr\/fr\/wp-content\/uploads\/2024\/03\/289309326_5404064426281088_6301162924691503627_n-255x255.jpg 255w\" sizes=\"(max-width: 1080px) 100vw, 1080px\" \/>                    <\/div>                    <div class=\"cs-gallery-item\"><img decoding=\"async\" width=\"1080\" height=\"1080\" src=\"https:\/\/kelebeklervadisi.com.tr\/fr\/wp-content\/uploads\/2024\/03\/289496158_5404064429614421_7145217225947354619_n.jpg\" class=\"attachment-full size-full wp-image-2989\" alt=\"\" srcset=\"https:\/\/kelebeklervadisi.com.tr\/fr\/wp-content\/uploads\/2024\/03\/289496158_5404064429614421_7145217225947354619_n.jpg 1080w, https:\/\/kelebeklervadisi.com.tr\/fr\/wp-content\/uploads\/2024\/03\/289496158_5404064429614421_7145217225947354619_n-300x300.jpg 300w, https:\/\/kelebeklervadisi.com.tr\/fr\/wp-content\/uploads\/2024\/03\/289496158_5404064429614421_7145217225947354619_n-1024x1024.jpg 1024w, https:\/\/kelebeklervadisi.com.tr\/fr\/wp-content\/uploads\/2024\/03\/289496158_5404064429614421_7145217225947354619_n-150x150.jpg 150w, https:\/\/kelebeklervadisi.com.tr\/fr\/wp-content\/uploads\/2024\/03\/289496158_5404064429614421_7145217225947354619_n-768x768.jpg 768w, https:\/\/kelebeklervadisi.com.tr\/fr\/wp-content\/uploads\/2024\/03\/289496158_5404064429614421_7145217225947354619_n-780x780.jpg 780w, https:\/\/kelebeklervadisi.com.tr\/fr\/wp-content\/uploads\/2024\/03\/289496158_5404064429614421_7145217225947354619_n-600x600.jpg 600w, https:\/\/kelebeklervadisi.com.tr\/fr\/wp-content\/uploads\/2024\/03\/289496158_5404064429614421_7145217225947354619_n-550x550.jpg 550w, https:\/\/kelebeklervadisi.com.tr\/fr\/wp-content\/uploads\/2024\/03\/289496158_5404064429614421_7145217225947354619_n-370x370.jpg 370w, https:\/\/kelebeklervadisi.com.tr\/fr\/wp-content\/uploads\/2024\/03\/289496158_5404064429614421_7145217225947354619_n-255x255.jpg 255w\" sizes=\"(max-width: 1080px) 100vw, 1080px\" \/>                    <\/div>                <\/div>\n            <\/div>\t\t<\/div>\n\t\t\t\t<\/div>\n\t\t\t\t\t<\/div>\n\t\t<\/div>\n\t\t\t\t\t<\/div>\n\t\t<\/section>\n\t\t\t\t<\/div>\n\t\t","protected":false},"excerpt":{"rendered":"<p>Vall\u00e9e des Papillons Yoga Relaxant De nombreuses activit\u00e9s t&#8217;attendent dans la vall\u00e9e pour apaiser ton corps et ton esprit. Une exp\u00e9rience hors du commun Yoga Relaxant Yoga, la pratique de l&#8217;exercice focalis\u00e9 sur la respiration pour am\u00e9liorer le bien-\u00eatre physique et mental. Il comprend une s\u00e9rie de mouvements, exercices de respiration et m\u00e9ditations con\u00e7us pour &#8230;<\/p>\n","protected":false},"author":1,"featured_media":0,"parent":0,"menu_order":0,"comment_status":"closed","ping_status":"closed","template":"template-wide-content.php","meta":{"cozystay_single_page_hide_site_header":"","cozystay_single_page_site_header_source":"","cozystay_single_page_custom_site_header":"0","cozystay_single_page_custom_sticky_site_header":"0","cozystay_single_page_hide_page_title":"on","cozystay_single_page_header_section_size":"","cozystay_single_page_header_background_color":"","cozystay_single_page_header_background_position_x":"center","cozystay_single_page_header_background_position_y":"center","cozystay_single_page_header_background_size":"cover","cozystay_single_page_header_background_repeat":"off","cozystay_single_page_header_background_scroll":"on","cozystay_single_page_header_text_color":"","cozystay_single_page_header_show_breadcrumb":"","cozystay_single_page_site_footer_hide_main":"","cozystay_single_custom_site_footer_main_source":"","cozystay_single_custom_site_footer_main":"0","cozystay_single_page_site_footer_hide_above":"","cozystay_single_custom_site_footer_above_source":"","cozystay_single_custom_site_footer_above":"0","cozystay_single_page_site_footer_hide_instagram":"","cozystay_single_page_site_footer_hide_bottom":"","cozystay_single_custom_mobile_menu_source":"","cozystay_single_custom_mobile_menu":"0","cozystay_single_custom_mobile_menu_animation":"","cozystay_single_custom_mobile_menu_width":"","cozystay_single_custom_mobile_menu_custom_width":375,"footnotes":""},"class_list":["post-1810","page","type-page","status-publish","hentry"],"_links":{"self":[{"href":"https:\/\/kelebeklervadisi.com.tr\/fr\/wp-json\/wp\/v2\/pages\/1810","targetHints":{"allow":["GET"]}}],"collection":[{"href":"https:\/\/kelebeklervadisi.com.tr\/fr\/wp-json\/wp\/v2\/pages"}],"about":[{"href":"https:\/\/kelebeklervadisi.com.tr\/fr\/wp-json\/wp\/v2\/types\/page"}],"author":[{"embeddable":true,"href":"https:\/\/kelebeklervadisi.com.tr\/fr\/wp-json\/wp\/v2\/users\/1"}],"replies":[{"embeddable":true,"href":"https:\/\/kelebeklervadisi.com.tr\/fr\/wp-json\/wp\/v2\/comments?post=1810"}],"version-history":[{"count":20,"href":"https:\/\/kelebeklervadisi.com.tr\/fr\/wp-json\/wp\/v2\/pages\/1810\/revisions"}],"predecessor-version":[{"id":3402,"href":"https:\/\/kelebeklervadisi.com.tr\/fr\/wp-json\/wp\/v2\/pages\/1810\/revisions\/3402"}],"wp:attachment":[{"href":"https:\/\/kelebeklervadisi.com.tr\/fr\/wp-json\/wp\/v2\/media?parent=1810"}],"curies":[{"name":"wp","href":"https:\/\/api.w.org\/{rel}","templated":true}]}}